{"id":1641,"date":"2023-11-17T12:56:33","date_gmt":"2023-11-17T12:56:33","guid":{"rendered":"https:\/\/www.feodus-finance.fr\/defiscalisation\/?page_id=1641"},"modified":"2023-11-27T16:34:32","modified_gmt":"2023-11-27T15:34:32","slug":"assurance","status":"publish","type":"page","link":"https:\/\/www.feodus-finance.fr\/defiscalisation\/assurance\/","title":{"rendered":"Assurance"},"content":{"rendered":"\n<h2 class=\"gb-headline gb-headline-6d7dcfab gb-headline-text\">Les solutions possibles pour vos<\/h2>\n\n\n\n<h2 class=\"gb-headline gb-headline-b5937dea\"><span class=\"gb-icon\"><svg xmlns=\"http:\/\/www.w3.org\/2000\/svg\" viewBox=\"0 0 36.7 3\"><path d=\"M0 0h36.7v3H0z\"><\/path><\/svg><\/span><span class=\"gb-headline-text\">Placements d&#8217;assurance vie<\/span><\/h2>\n\n\n\n<p class=\"gb-headline gb-headline-fbce00a7 gb-headline-text\">Les placements des assurances les plus int\u00e9ressants<\/p>\n\n\n\n<p>Les produits dits d\u2019assurance couvrent un large spectre de besoins et d\u2019attentes. On distingue cependant deux grands blocs de contrats d\u2019assurance avec l\u2019assurance non-vie et l\u2019assurance vie.<\/p>\n\n\n\n<h2 class=\"wp-block-heading\">Les grandes familles de l&#8217;Assurance<\/h2>\n\n\n\n<h4 class=\"wp-block-heading\">\u2014<\/h4>\n\n\n\n<p>Les&nbsp;<strong>assurances dites \u2018non-vie<\/strong>\u2019 regroupent les op\u00e9rations qui n\u2019ont pas pour objet la vie de l\u2019assur\u00e9 et int\u00e8grent principalement des couvertures d\u2019assurances de biens, de responsabilit\u00e9s, de dommages ou de dettes et de personnes. Citons pour exemples les contrats d\u2019assurance automobile, d\u2019habitation, ou de pr\u00e9voyance et de sant\u00e9\u2026<\/p>\n\n\n\n<p>Les&nbsp;<strong>assurances dites \u2018vie<\/strong>\u2019 englobent pour leurs parts les assurances d\u00e9c\u00e8s et les produits d\u2019\u00e9pargne aux fiscalit\u00e9s sp\u00e9cifiques, le plus connu \u00e9tant le contrat d\u2019assurance vie.<\/p>\n\n\n\n<p>A noter que les risques peuvent \u00eatre assur\u00e9s par des soci\u00e9t\u00e9s d\u2019assurance, soci\u00e9t\u00e9s d\u2019assurance mutuelle, mutuelles ou institutions de pr\u00e9voyance, telles que d\u00e9finies \u00e0 l\u2019article L310-1 du Code des Assurances.<\/p>\n\n\n\n<p>Sur un strict registre patrimonial, les produits d\u2019assurance poursuivent des logiques diff\u00e9rentes en fonction des besoins et se r\u00e9v\u00e8lent \u00eatre des outils efficaces de protection, d\u2019optimisation ou de transmission.<\/p>\n\n\n\n<p>Un<strong>&nbsp;contrat de pr\u00e9voyance<\/strong>, qu\u2019il soit de nature individuelle, collectif \u00e0 adh\u00e9sion obligatoire ou facultative couvre par exemple de multiples risques tels que l\u2019incapacit\u00e9 temporaire de travail (ITT), l\u2019invalidit\u00e9, la perte totale et irr\u00e9versible d\u2019autonomie (PTIA) ou invalidit\u00e9 absolue et d\u00e9finitive (IAD) ou le d\u00e9c\u00e8s.<\/p>\n\n\n\n<p>Un contrat d\u2019assurance vie permet quant \u00e0 lui d\u2019optimiser son \u00e9pargne tout en d\u00e9livrant des possibilit\u00e9s de transmission avantageuses sur un plan fiscal. A cet \u00e9gard, la clause b\u00e9n\u00e9ficiaire m\u00e9rite une attention toute particuli\u00e8re dans sa r\u00e9daction.<\/p>\n\n\n\n<h2 class=\"wp-block-heading\">Focus sur l&#8217;assurance vie<\/h2>\n\n\n\n<h4 class=\"wp-block-heading\">\u2014<\/h4>\n\n\n\n<p>Ce type de contrat conna\u00eet un succ\u00e8s incontestable aupr\u00e8s des \u00e9pargnants&nbsp;; v\u00e9ritable outil de gestion de patrimoine, ce dernier est utilis\u00e9 pour ses avantages fiscaux et sa souplesse de fonctionnement.<\/p>\n\n\n\n<p>Les objectifs peuvent \u00eatre li\u00e9s \u00e0 la constitution ou la valorisation d\u2019une \u00e9pargne, \u00e0 la pr\u00e9paration de la retraite ou encore \u00e0 la transmission de son patrimoine, en cas de d\u00e9c\u00e8s ou en cas de vie.<\/p>\n\n\n\n<p>Il est par ailleurs possible de souscrire plusieurs contrats ou de combiner assurance vie et d\u00e9membrement de propri\u00e9t\u00e9, un contrat peut \u00e9galement \u00eatre utilis\u00e9 en nantissement d\u2019un pr\u00eat.<\/p>\n\n\n\n<h2 class=\"wp-block-heading\">Les contenus de l&#8217;assurance vie et ses modes de gestion<\/h2>\n\n\n\n<h4 class=\"wp-block-heading\">\u2014<\/h4>\n\n\n\n<p>Dans le cadre d\u2019un contrat de type multi-supports, les options d\u2019investissement sont nombreuses et vari\u00e9es en termes de sous-jacent&nbsp;:<\/p>\n\n\n\n<p>Outre le classique fonds Euro pr\u00e9sentant une garantie en capital au moins \u00e9gale aux montants nets investis, il est possible de b\u00e9n\u00e9ficier d\u2019un important choix d\u2019Unit\u00e9s de compte (UC). Ces derni\u00e8res peuvent \u00eatre de natures diff\u00e9rentes avec des UC obligataires, en actions, diversifi\u00e9es, immobili\u00e8res (SCI, SCP, SCPI ou OPCI) ou encore des produits structur\u00e9s.<\/p>\n\n\n\n<p>Cette vari\u00e9t\u00e9 de combinaisons permet de proposer des allocations d\u2019actifs sur-mesure pour l\u2019\u00e9pargnant, tout en respectant son profil d\u2019investisseur ou de risque. Une gamme vari\u00e9e et large de supports disponibles sur un contrat d\u2019assurance vie est donc l\u2019un des principaux crit\u00e8res dans le choix d\u2019un contrat.<\/p>\n\n\n\n<p>Enfin, les modes de gestion sont multiples dans la mesure o\u00f9 l\u2019\u00e9pargnant peut opter pour une gestion libre, une gestion profil\u00e9e, ou encore sous-mandat.<\/p>\n\n\n\n<ul class=\"wp-block-list\">\n<li>La gestion libre&nbsp;: le souscripteur choisit lui-m\u00eame les supports sur lesquels il investit les primes et d\u00e9cide des arbitrages.<\/li>\n\n\n\n<li>La gestion profil\u00e9e&nbsp;: l\u2019assureur \u00e9tablit le profil investisseur du souscripteur et prend les d\u00e9cisions d\u2019investissement et d\u2019arbitrage en fonction de ce profil.<\/li>\n\n\n\n<li>La gestion sous mandat&nbsp;: le souscripteur confie la gestion de son contrat d\u2019assurance-vie \u00e0 des professionnels qui d\u00e9cideront de l\u2019allocation des sommes vers les diff\u00e9rentes unit\u00e9s de compte et des arbitrages par la suite.<\/li>\n<\/ul>\n\n\n<div class=\"gb-container gb-container-c96aa272\">\n<div class=\"gb-container gb-container-a4b5cd2e\">\n\n<h3 class=\"gb-headline gb-headline-b8d93b26\"><span class=\"gb-icon\"><svg viewBox=\"0 0 512 512\" xmlns=\"http:\/\/www.w3.org\/2000\/svg\"><path d=\"M511.935 469.013a8.446 8.446 0 00-.592-2.928c-.051-.124-.139-.22-.195-.341a8.39 8.39 0 00-.944-1.648l-57.938-74.491V145.067c-.015-14.132-11.468-25.585-25.6-25.6H409.6V25.6C409.585 11.468 398.132.015 384 0H128c-14.132.015-25.585 11.468-25.6 25.6v93.867H85.333c-14.132.015-25.585 11.468-25.6 25.6v244.538L1.796 464.096a8.39 8.39 0 00-.944 1.648c-.057.121-.144.217-.195.341a8.442 8.442 0 00-.592 2.928c-.005.112-.065.206-.065.32V486.4c.015 14.132 11.468 25.585 25.6 25.6h460.8c14.132-.015 25.585-11.468 25.6-25.6v-17.067c0-.114-.06-.208-.065-.32zM119.467 25.6A8.544 8.544 0 01128 17.067h256a8.544 8.544 0 018.533 8.533v324.267H119.467V25.6zM76.8 145.067a8.544 8.544 0 018.533-8.533H102.4v213.333h-8.533a8.533 8.533 0 000 17.066h324.267c4.713 0 8.533-3.82 8.533-8.533s-3.82-8.533-8.533-8.533H409.6V136.533h17.067a8.544 8.544 0 018.533 8.533V384H76.8V145.067zm-4.358 256h367.117l46.462 59.733H25.979l46.463-59.733zM494.933 486.4a8.544 8.544 0 01-8.533 8.533H25.6a8.544 8.544 0 01-8.533-8.533v-8.533h477.867v8.533z\"><\/path><path d=\"M392.533 426.667H119.467c-4.713 0-8.533 3.82-8.533 8.533s3.82 8.533 8.533 8.533h273.067a8.533 8.533 0 10-.001-17.066zM85.333 426.667H76.8c-4.713 0-8.533 3.82-8.533 8.533s3.82 8.533 8.533 8.533h8.533c4.713 0 8.533-3.82 8.533-8.533s-3.82-8.533-8.533-8.533zM435.2 426.667h-8.533c-4.713 0-8.533 3.82-8.533 8.533s3.82 8.533 8.533 8.533h8.533c4.713 0 8.533-3.82 8.533-8.533s-3.82-8.533-8.533-8.533zM290.133 179.2c0 4.713 3.82 8.533 8.533 8.533s8.533-3.82 8.533-8.533c0-21.097-18.491-38.622-42.667-42.024V128c0-4.713-3.82-8.533-8.533-8.533s-8.533 3.82-8.533 8.533v9.176c-24.176 3.402-42.667 20.927-42.667 42.024s18.491 38.622 42.667 42.024v50.933c-14.68-2.862-25.6-12.797-25.6-24.691a8.533 8.533 0 00-17.066 0c0 21.097 18.491 38.622 42.667 42.024v9.176c0 4.713 3.82 8.533 8.533 8.533s8.533-3.82 8.533-8.533v-9.176c24.176-3.402 42.667-20.927 42.667-42.024s-18.491-38.622-42.667-42.024v-50.933c14.68 2.862 25.6 12.797 25.6 24.691zm-42.666 24.691c-14.68-2.862-25.6-12.798-25.6-24.691 0-11.894 10.92-21.829 25.6-24.691v49.382zm42.666 43.576c0 11.894-10.92 21.829-25.6 24.691v-49.382c14.68 2.861 25.6 12.797 25.6 24.691zM170.667 34.133h-25.6c-4.713 0-8.533 3.82-8.533 8.533s3.82 8.533 8.533 8.533h25.6c4.713 0 8.533-3.82 8.533-8.533s-3.82-8.533-8.533-8.533zM153.6 68.267h-8.533c-4.713 0-8.533 3.82-8.533 8.533s3.82 8.533 8.533 8.533h8.533c4.713 0 8.533-3.82 8.533-8.533s-3.82-8.533-8.533-8.533zM264.533 76.8A8.533 8.533 0 00256 68.267h-68.267c-4.713 0-8.533 3.82-8.533 8.533s3.82 8.533 8.533 8.533H256a8.533 8.533 0 008.533-8.533zM204.8 51.2h25.6c4.713 0 8.533-3.82 8.533-8.533s-3.82-8.533-8.533-8.533h-25.6c-4.713 0-8.533 3.82-8.533 8.533s3.82 8.533 8.533 8.533z\"><\/path><\/svg><\/span><span class=\"gb-headline-text\"><a href=\"https:\/\/www.feodus-finance.fr\/defiscalisation\/assurance-emprunteur\/\">Assurance emprunteur<\/a><\/span><\/h3>\n\n\n\n<p class=\"gb-headline gb-headline-940b6b59 gb-headline-text\">La Loi Lemoine ouvre la possibilit\u00e9 de r\u00e9silier et de changer \u00e0 tout moment d&#8217;assurance emprunteur, sans frais. <\/p>\n\n\n\n<a class=\"gb-button gb-button-3898b100\" href=\"https:\/\/www.feodus-finance.fr\/defiscalisation\/assurance-emprunteur\/\"><span class=\"gb-button-text\">En savoir plus<\/span><span class=\"gb-icon\"><svg aria-hidden=\"true\" role=\"img\" height=\"1em\" width=\"1em\" viewBox=\"0 0 256 512\" xmlns=\"http:\/\/www.w3.org\/2000\/svg\"><path fill=\"currentColor\" d=\"M224.3 273l-136 136c-9.4 9.4-24.6 9.4-33.9 0l-22.6-22.6c-9.4-9.4-9.4-24.6 0-33.9l96.4-96.4-96.4-96.4c-9.4-9.4-9.4-24.6 0-33.9L54.3 103c9.4-9.4 24.6-9.4 33.9 0l136 136c9.5 9.4 9.5 24.6.1 34z\"><\/path><\/svg><\/span><\/a>\n\n<\/div>\n\n<div class=\"gb-container gb-container-2189687a\">\n\n<h3 class=\"gb-headline gb-headline-bce23a6e\"><span class=\"gb-icon\"><svg viewBox=\"0 0 64 64\" xmlns=\"http:\/\/www.w3.org\/2000\/svg\"><path d=\"M33 38.858c1.72-.447 3-1.999 3-3.858 0-2.206-1.794-4-4-4-1.103 0-2-.897-2-2s.897-2 2-2 2 .897 2 2h2c0-1.859-1.28-3.411-3-3.858V23h-2v2.142c-1.72.447-3 1.999-3 3.858 0 2.206 1.794 4 4 4 1.103 0 2 .897 2 2s-.897 2-2 2-2-.897-2-2h-2c0 1.859 1.28 3.411 3 3.858V41h2zM32 19c-7.168 0-13 5.832-13 13h2c0-6.065 4.935-11 11-11zM43 32c0 6.065-4.935 11-11 11v2c7.168 0 13-5.832 13-13zM21.6 8.164a25.899 25.899 0 00-8.319 5.792l1.439 1.389a23.952 23.952 0 017.681-5.349zM25.761 6.754a25.69 25.69 0 00-2.082.606l.642 1.895c.624-.211 1.27-.399 1.918-.56zM29.922 6.082c-.683.054-1.383.138-2.08.249l.316 1.975a23.11 23.11 0 011.92-.229z\"><\/path><path d=\"M32 3c7.747 0 15.029 3.017 20.506 8.494a1.03 1.03 0 001.414 0L56 9.414V17h-7.586l1.971-1.971a.999.999 0 000-1.414C45.474 8.704 38.945 6 32 6v2c6.076 0 11.808 2.243 16.249 6.337l-2.956 2.956A1 1 0 0046 19h11a1 1 0 001-1V7a1 1 0 00-1.707-.707l-3.091 3.091C47.437 3.97 39.947 1 32 1 14.907 1 1 14.906 1 32h2C3 16.01 16.009 3 32 3zM50.72 50.044l-1.439-1.389a23.952 23.952 0 01-7.681 5.349l.801 1.832a25.91 25.91 0 008.319-5.792zM38.239 57.246a25.69 25.69 0 002.082-.606l-.642-1.895c-.624.211-1.27.399-1.918.56zM34.078 57.918a26.638 26.638 0 002.08-.249l-.316-1.975a23.11 23.11 0 01-1.92.229z\"><\/path><path d=\"M61 32c0 15.99-13.009 29-29 29-7.747 0-15.029-3.017-20.506-8.494a1.03 1.03 0 00-1.414 0L8 54.586V47h7.586l-1.971 1.971a.999.999 0 000 1.414C18.526 55.296 25.055 58 32 58v-2c-6.076 0-11.808-2.243-16.249-6.337l2.956-2.956A1 1 0 0018 45H7a1 1 0 00-1 1v11a1 1 0 001.707.707l3.091-3.091C16.563 60.03 24.053 63 32 63c17.093 0 31-13.906 31-31z\"><\/path><path d=\"M49 32c0-9.374-7.626-17-17-17s-17 7.626-17 17 7.626 17 17 17 17-7.626 17-17zM32 47c-8.271 0-15-6.729-15-15s6.729-15 15-15 15 6.729 15 15-6.729 15-15 15z\"><\/path><\/svg><\/span><span class=\"gb-headline-text\"><a href=\"https:\/\/www.feodus-finance.fr\/defiscalisation\/epargne-salariale\/\">Epargne salariale<\/a><\/span><\/h3>\n\n\n\n<p class=\"gb-headline gb-headline-aae6e5f1 gb-headline-text\">D\u00e9blocage exceptionnel des sommes investies au titre de la participation et de l\u2019int\u00e9ressement jusqu\u2019au 31&nbsp;D\u00e9cembre\u2026<\/p>\n\n\n\n<a class=\"gb-button gb-button-1b85d4a9\" href=\"https:\/\/www.feodus-finance.fr\/defiscalisation\/epargne-salariale\/\"><span class=\"gb-button-text\">en savoir plus<\/span><span class=\"gb-icon\"><svg xmlns=\"http:\/\/www.w3.org\/2000\/svg\" viewBox=\"0 0 256 512\" width=\"1em\" height=\"1em\" aria-hidden=\"true\"><path d=\"M224.3 273l-136 136c-9.4 9.4-24.6 9.4-33.9 0l-22.6-22.6c-9.4-9.4-9.4-24.6 0-33.9l96.4-96.4-96.4-96.4c-9.4-9.4-9.4-24.6 0-33.9L54.3 103c9.4-9.4 24.6-9.4 33.9 0l136 136c9.5 9.4 9.5 24.6.1 34z\" fill=\"currentColor\"><\/path><\/svg><\/span><\/a>\n\n<\/div>\n\n<div class=\"gb-container gb-container-d9ad20fb\">\n\n<h3 class=\"gb-headline gb-headline-6b088469\"><span class=\"gb-icon\"><svg viewBox=\"0 0 64 64\" xmlns=\"http:\/\/www.w3.org\/2000\/svg\"><path d=\"M33 38.858c1.72-.447 3-1.999 3-3.858 0-2.206-1.794-4-4-4-1.103 0-2-.897-2-2s.897-2 2-2 2 .897 2 2h2c0-1.859-1.28-3.411-3-3.858V23h-2v2.142c-1.72.447-3 1.999-3 3.858 0 2.206 1.794 4 4 4 1.103 0 2 .897 2 2s-.897 2-2 2-2-.897-2-2h-2c0 1.859 1.28 3.411 3 3.858V41h2zM32 19c-7.168 0-13 5.832-13 13h2c0-6.065 4.935-11 11-11zM43 32c0 6.065-4.935 11-11 11v2c7.168 0 13-5.832 13-13zM21.6 8.164a25.899 25.899 0 00-8.319 5.792l1.439 1.389a23.952 23.952 0 017.681-5.349zM25.761 6.754a25.69 25.69 0 00-2.082.606l.642 1.895c.624-.211 1.27-.399 1.918-.56zM29.922 6.082c-.683.054-1.383.138-2.08.249l.316 1.975a23.11 23.11 0 011.92-.229z\"><\/path><path d=\"M32 3c7.747 0 15.029 3.017 20.506 8.494a1.03 1.03 0 001.414 0L56 9.414V17h-7.586l1.971-1.971a.999.999 0 000-1.414C45.474 8.704 38.945 6 32 6v2c6.076 0 11.808 2.243 16.249 6.337l-2.956 2.956A1 1 0 0046 19h11a1 1 0 001-1V7a1 1 0 00-1.707-.707l-3.091 3.091C47.437 3.97 39.947 1 32 1 14.907 1 1 14.906 1 32h2C3 16.01 16.009 3 32 3zM50.72 50.044l-1.439-1.389a23.952 23.952 0 01-7.681 5.349l.801 1.832a25.91 25.91 0 008.319-5.792zM38.239 57.246a25.69 25.69 0 002.082-.606l-.642-1.895c-.624.211-1.27.399-1.918.56zM34.078 57.918a26.638 26.638 0 002.08-.249l-.316-1.975a23.11 23.11 0 01-1.92.229z\"><\/path><path d=\"M61 32c0 15.99-13.009 29-29 29-7.747 0-15.029-3.017-20.506-8.494a1.03 1.03 0 00-1.414 0L8 54.586V47h7.586l-1.971 1.971a.999.999 0 000 1.414C18.526 55.296 25.055 58 32 58v-2c-6.076 0-11.808-2.243-16.249-6.337l2.956-2.956A1 1 0 0018 45H7a1 1 0 00-1 1v11a1 1 0 001.707.707l3.091-3.091C16.563 60.03 24.053 63 32 63c17.093 0 31-13.906 31-31z\"><\/path><path d=\"M49 32c0-9.374-7.626-17-17-17s-17 7.626-17 17 7.626 17 17 17 17-7.626 17-17zM32 47c-8.271 0-15-6.729-15-15s6.729-15 15-15 15 6.729 15 15-6.729 15-15 15z\"><\/path><\/svg><\/span><span class=\"gb-headline-text\"><a href=\"https:\/\/www.feodus-finance.fr\/defiscalisation\/interessement\/\">Int\u00e9ressement<\/a><\/span><\/h3>\n\n\n\n<p class=\"gb-headline gb-headline-a49c85a4 gb-headline-text\">L&#8217;int\u00e9ressement est un dispositif universel&nbsp;: toutes les entreprises avec au moins 1&nbsp;salari\u00e9 sont concern\u00e9es ainsi que tous les salari\u00e9s de l\u2019entreprise ayant l\u2019anciennet\u00e9 requise<\/p>\n\n\n\n<a class=\"gb-button gb-button-86455e17\" href=\"https:\/\/www.feodus-finance.fr\/defiscalisation\/interessement\/\"><span class=\"gb-button-text\">en savoir plus<\/span><span class=\"gb-icon\"><svg xmlns=\"http:\/\/www.w3.org\/2000\/svg\" viewBox=\"0 0 256 512\" width=\"1em\" height=\"1em\" aria-hidden=\"true\"><path d=\"M224.3 273l-136 136c-9.4 9.4-24.6 9.4-33.9 0l-22.6-22.6c-9.4-9.4-9.4-24.6 0-33.9l96.4-96.4-96.4-96.4c-9.4-9.4-9.4-24.6 0-33.9L54.3 103c9.4-9.4 24.6-9.4 33.9 0l136 136c9.5 9.4 9.5 24.6.1 34z\" fill=\"currentColor\"><\/path><\/svg><\/span><\/a>\n\n<\/div>\n\n<div class=\"gb-container gb-container-6a373d73\">\n\n<h3 class=\"gb-headline gb-headline-3f40e469\"><span class=\"gb-icon\"><svg viewBox=\"0 0 469.333 469.333\" xmlns=\"http:\/\/www.w3.org\/2000\/svg\"><path d=\"M234.646 63.979c-23.542 0-42.688 19.146-42.688 42.688s19.146 42.687 42.688 42.687 42.687-19.146 42.687-42.687-19.146-42.688-42.687-42.688zm0 64.042c-11.771 0-21.354-9.583-21.354-21.354s9.583-21.354 21.354-21.354c11.771 0 21.354 9.583 21.354 21.354s-9.583 21.354-21.354 21.354z\"><\/path><path d=\"M458.667 192c5.896 0 10.667-4.742 10.667-10.637v-42.662c0-3.76-1.979-7.249-5.219-9.166L255.458 5.621c-.094-.063-.188-.115-.281-.167-12.969-7.187-27.594-7.405-41.313.146L5.219 129.535A10.647 10.647 0 000 138.701v42.662C0 187.258 4.771 192 10.667 192h32v192.009C19.135 384.009 0 403.142 0 426.671v31.997a10.66 10.66 0 0010.667 10.666h448a10.66 10.66 0 0010.667-10.666v-31.997c0-23.529-19.135-42.662-42.667-42.662V192h32zM448 426.667V448H21.333v-21.333c0-11.76 9.573-21.333 21.333-21.333H426.667c11.76-.001 21.333 9.572 21.333 21.333zM64 384V192h42.667v192H64zm64 0V192h64v192h-64zm85.333 0V192H256v192h-42.667zm64 0V192h64v192h-64zm85.334 0V192h42.667v192h-42.667zM21.333 170.667V144.74L224.448 24.073c6.646-3.656 13.708-3.646 20.271-.073L448 144.74v25.927H21.333z\"><\/path><\/svg><\/span><span class=\"gb-headline-text\"><a href=\"https:\/\/www.feodus-finance.fr\/defiscalisation\/fiducie\/\">Fiducie<\/a><\/span><\/h3>\n\n\n\n<p class=\"gb-headline gb-headline-719920b5 gb-headline-text\">D\u00e9finition de la fiducie et explications des diff\u00e9rents types de fiducie possibles.\u2026<\/p>\n\n\n\n<a class=\"gb-button gb-button-6e32555a\" href=\"https:\/\/www.feodus-finance.fr\/defiscalisation\/fiducie\/\"><span class=\"gb-button-text\">en savoir plus<\/span><span class=\"gb-icon\"><svg xmlns=\"http:\/\/www.w3.org\/2000\/svg\" viewBox=\"0 0 256 512\" width=\"1em\" height=\"1em\" aria-hidden=\"true\"><path d=\"M224.3 273l-136 136c-9.4 9.4-24.6 9.4-33.9 0l-22.6-22.6c-9.4-9.4-9.4-24.6 0-33.9l96.4-96.4-96.4-96.4c-9.4-9.4-9.4-24.6 0-33.9L54.3 103c9.4-9.4 24.6-9.4 33.9 0l136 136c9.5 9.4 9.5 24.6.1 34z\" fill=\"currentColor\"><\/path><\/svg><\/span><\/a>\n\n<\/div>\n<\/div>","protected":false},"excerpt":{"rendered":"<p>Les solutions possibles pour vos Placements d&#8217;assurance vie Les placements des assurances les plus int\u00e9ressants Les produits dits d\u2019assurance couvrent un large spectre de besoins et d\u2019attentes. On distingue cependant deux grands blocs de contrats d\u2019assurance avec l\u2019assurance non-vie et l\u2019assurance vie. Les grandes familles de l&#8217;Assurance \u2014 Les&nbsp;assurances dites \u2018non-vie\u2019 regroupent les op\u00e9rations qui &#8230; <a title=\"Assurance\" class=\"read-more\" href=\"https:\/\/www.feodus-finance.fr\/defiscalisation\/assurance\/\" aria-label=\"En savoir plus sur Assurance\">Lire plus<\/a><\/p>\n","protected":false},"author":4,"featured_media":1665,"parent":1800,"menu_order":0,"comment_status":"closed","ping_status":"closed","template":"","meta":{"footnotes":""},"class_list":["post-1641","page","type-page","status-publish","has-post-thumbnail"],"yoast_head":"<!-- This site is optimized with the Yoast SEO plugin v24.6 - https:\/\/yoast.com\/wordpress\/plugins\/seo\/ -->\n<title>Placement d&#039;assurance vie : Les solutions possibles<\/title>\n<meta name=\"description\" content=\"Les produits dits d\u2019assurance couvrent un large spectre de besoins et d\u2019attentes. On distingue cependant deux grands blocs de contrats d\u2019assurance.\" \/>\n<meta name=\"robots\" content=\"index, follow, max-snippet:-1, max-image-preview:large, max-video-preview:-1\" \/>\n<link rel=\"canonical\" href=\"https:\/\/www.feodus-finance.fr\/defiscalisation\/assurance\/\" \/>\n<meta property=\"og:locale\" content=\"fr_FR\" \/>\n<meta property=\"og:type\" content=\"article\" \/>\n<meta property=\"og:title\" content=\"Placement d&#039;assurance vie : Les solutions possibles\" \/>\n<meta property=\"og:description\" content=\"Les produits dits d\u2019assurance couvrent un large spectre de besoins et d\u2019attentes. On distingue cependant deux grands blocs de contrats d\u2019assurance.\" \/>\n<meta property=\"og:url\" content=\"https:\/\/www.feodus-finance.fr\/defiscalisation\/assurance\/\" \/>\n<meta property=\"og:site_name\" content=\"Feodus\" \/>\n<meta property=\"article:modified_time\" content=\"2023-11-27T15:34:32+00:00\" \/>\n<meta property=\"og:image\" content=\"https:\/\/www.feodus-finance.fr\/defiscalisation\/wp-content\/uploads\/2023\/11\/6928.jpeg\" \/>\n\t<meta property=\"og:image:width\" content=\"920\" \/>\n\t<meta property=\"og:image:height\" content=\"552\" \/>\n\t<meta property=\"og:image:type\" content=\"image\/jpeg\" \/>\n<meta name=\"twitter:card\" content=\"summary_large_image\" \/>\n<!-- \/ Yoast SEO plugin. -->","yoast_head_json":{"title":"Placement d'assurance vie : Les solutions possibles","description":"Les produits dits d\u2019assurance couvrent un large spectre de besoins et d\u2019attentes. On distingue cependant deux grands blocs de contrats d\u2019assurance.","robots":{"index":"index","follow":"follow","max-snippet":"max-snippet:-1","max-image-preview":"max-image-preview:large","max-video-preview":"max-video-preview:-1"},"canonical":"https:\/\/www.feodus-finance.fr\/defiscalisation\/assurance\/","og_locale":"fr_FR","og_type":"article","og_title":"Placement d'assurance vie : Les solutions possibles","og_description":"Les produits dits d\u2019assurance couvrent un large spectre de besoins et d\u2019attentes. On distingue cependant deux grands blocs de contrats d\u2019assurance.","og_url":"https:\/\/www.feodus-finance.fr\/defiscalisation\/assurance\/","og_site_name":"Feodus","article_modified_time":"2023-11-27T15:34:32+00:00","og_image":[{"width":920,"height":552,"url":"https:\/\/www.feodus-finance.fr\/defiscalisation\/wp-content\/uploads\/2023\/11\/6928.jpeg","type":"image\/jpeg"}],"twitter_card":"summary_large_image","schema":{"@context":"https:\/\/schema.org","@graph":[{"@type":"WebPage","@id":"https:\/\/www.feodus-finance.fr\/defiscalisation\/assurance\/","url":"https:\/\/www.feodus-finance.fr\/defiscalisation\/assurance\/","name":"Placement d'assurance vie : Les solutions possibles","isPartOf":{"@id":"https:\/\/www.feodus-finance.fr\/defiscalisation\/#website"},"primaryImageOfPage":{"@id":"https:\/\/www.feodus-finance.fr\/defiscalisation\/assurance\/#primaryimage"},"image":{"@id":"https:\/\/www.feodus-finance.fr\/defiscalisation\/assurance\/#primaryimage"},"thumbnailUrl":"https:\/\/www.feodus-finance.fr\/defiscalisation\/wp-content\/uploads\/2023\/11\/6928.jpeg","datePublished":"2023-11-17T12:56:33+00:00","dateModified":"2023-11-27T15:34:32+00:00","description":"Les produits dits d\u2019assurance couvrent un large spectre de besoins et d\u2019attentes. On distingue cependant deux grands blocs de contrats d\u2019assurance.","breadcrumb":{"@id":"https:\/\/www.feodus-finance.fr\/defiscalisation\/assurance\/#breadcrumb"},"inLanguage":"fr-FR","potentialAction":[{"@type":"ReadAction","target":["https:\/\/www.feodus-finance.fr\/defiscalisation\/assurance\/"]}]},{"@type":"ImageObject","inLanguage":"fr-FR","@id":"https:\/\/www.feodus-finance.fr\/defiscalisation\/assurance\/#primaryimage","url":"https:\/\/www.feodus-finance.fr\/defiscalisation\/wp-content\/uploads\/2023\/11\/6928.jpeg","contentUrl":"https:\/\/www.feodus-finance.fr\/defiscalisation\/wp-content\/uploads\/2023\/11\/6928.jpeg","width":920,"height":552,"caption":"placement assurance vie"},{"@type":"BreadcrumbList","@id":"https:\/\/www.feodus-finance.fr\/defiscalisation\/assurance\/#breadcrumb","itemListElement":[{"@type":"ListItem","position":1,"name":"Accueil","item":"https:\/\/www.feodus-finance.fr\/defiscalisation\/"},{"@type":"ListItem","position":2,"name":"Particulier","item":"https:\/\/www.feodus-finance.fr\/defiscalisation\/particulier\/"},{"@type":"ListItem","position":3,"name":"Assurance"}]},{"@type":"WebSite","@id":"https:\/\/www.feodus-finance.fr\/defiscalisation\/#website","url":"https:\/\/www.feodus-finance.fr\/defiscalisation\/","name":"Feodus","description":"","publisher":{"@id":"https:\/\/www.feodus-finance.fr\/defiscalisation\/#organization"},"potentialAction":[{"@type":"SearchAction","target":{"@type":"EntryPoint","urlTemplate":"https:\/\/www.feodus-finance.fr\/defiscalisation\/?s={search_term_string}"},"query-input":{"@type":"PropertyValueSpecification","valueRequired":true,"valueName":"search_term_string"}}],"inLanguage":"fr-FR"},{"@type":"Organization","@id":"https:\/\/www.feodus-finance.fr\/defiscalisation\/#organization","name":"Feodus","url":"https:\/\/www.feodus-finance.fr\/defiscalisation\/","logo":{"@type":"ImageObject","inLanguage":"fr-FR","@id":"https:\/\/www.feodus-finance.fr\/defiscalisation\/#\/schema\/logo\/image\/","url":"https:\/\/www.feodus-finance.fr\/defiscalisation\/wp-content\/uploads\/2023\/11\/cropped-logo-footer.jpg","contentUrl":"https:\/\/www.feodus-finance.fr\/defiscalisation\/wp-content\/uploads\/2023\/11\/cropped-logo-footer.jpg","width":249,"height":73,"caption":"Feodus"},"image":{"@id":"https:\/\/www.feodus-finance.fr\/defiscalisation\/#\/schema\/logo\/image\/"}}]}},"_links":{"self":[{"href":"https:\/\/www.feodus-finance.fr\/defiscalisation\/wp-json\/wp\/v2\/pages\/1641","targetHints":{"allow":["GET"]}}],"collection":[{"href":"https:\/\/www.feodus-finance.fr\/defiscalisation\/wp-json\/wp\/v2\/pages"}],"about":[{"href":"https:\/\/www.feodus-finance.fr\/defiscalisation\/wp-json\/wp\/v2\/types\/page"}],"author":[{"embeddable":true,"href":"https:\/\/www.feodus-finance.fr\/defiscalisation\/wp-json\/wp\/v2\/users\/4"}],"replies":[{"embeddable":true,"href":"https:\/\/www.feodus-finance.fr\/defiscalisation\/wp-json\/wp\/v2\/comments?post=1641"}],"version-history":[{"count":8,"href":"https:\/\/www.feodus-finance.fr\/defiscalisation\/wp-json\/wp\/v2\/pages\/1641\/revisions"}],"predecessor-version":[{"id":2158,"href":"https:\/\/www.feodus-finance.fr\/defiscalisation\/wp-json\/wp\/v2\/pages\/1641\/revisions\/2158"}],"up":[{"embeddable":true,"href":"https:\/\/www.feodus-finance.fr\/defiscalisation\/wp-json\/wp\/v2\/pages\/1800"}],"wp:featuredmedia":[{"embeddable":true,"href":"https:\/\/www.feodus-finance.fr\/defiscalisation\/wp-json\/wp\/v2\/media\/1665"}],"wp:attachment":[{"href":"https:\/\/www.feodus-finance.fr\/defiscalisation\/wp-json\/wp\/v2\/media?parent=1641"}],"curies":[{"name":"wp","href":"https:\/\/api.w.org\/{rel}","templated":true}]}}