{"id":1930,"date":"2023-11-21T10:05:27","date_gmt":"2023-11-21T10:05:27","guid":{"rendered":"https:\/\/www.feodus-finance.fr\/defiscalisation\/?page_id=1930"},"modified":"2024-11-15T16:02:58","modified_gmt":"2024-11-15T15:02:58","slug":"investissement","status":"publish","type":"page","link":"https:\/\/www.feodus-finance.fr\/defiscalisation\/investissement\/","title":{"rendered":"Investissement"},"content":{"rendered":"\n<h2 class=\"gb-headline gb-headline-6d7dcfab gb-headline-text\">O\u00f9 et comment placer son<\/h2>\n\n\n\n<h2 class=\"gb-headline gb-headline-b5937dea\"><span class=\"gb-icon\"><svg xmlns=\"http:\/\/www.w3.org\/2000\/svg\" viewBox=\"0 0 36.7 3\"><path d=\"M0 0h36.7v3H0z\"><\/path><\/svg><\/span><span class=\"gb-headline-text\">Investissement en particulier<\/span><\/h2>\n\n\n\n<p class=\"gb-headline gb-headline-fbce00a7 gb-headline-text\">Mieux appr\u00e9hender le capital-investissement ou private-equity<\/p>\n\n\n\n<p>En dehors des sch\u00e9mas classiques de placement, il est tout \u00e0 fait possible d\u2019entrer au capital d\u2019une soci\u00e9t\u00e9 non cot\u00e9e en bourse, de devenir \u2018business angel\u2019 ou bien d\u2019acc\u00e9der au financement participatif.<\/p>\n\n\n\n<p>Faire du capital-investissement, ou \u00ab&nbsp;private equity&nbsp;\u00bb, consiste \u00e0 prendre une participation dans une soci\u00e9t\u00e9 non cot\u00e9e en bourse. Le capital-investissement peut intervenir \u00e0 tout moment dans la vie d&#8217;une soci\u00e9t\u00e9&nbsp;: depuis sa cr\u00e9ation, en passant par son d\u00e9veloppement, sa transmission et m\u00eame lorsqu&#8217;elle rencontre des difficult\u00e9s. Il existe donc plusieurs formes de capital-investissement&nbsp;: le capital-risque, le capital-d\u00e9veloppement, le capital-transmission et le capital-retournement.<\/p>\n\n\n\n<p>Accessible aux particuliers, l&#8217;investissement dans des fonds de capital-investissement permet donc d\u2019\u00e9largir le spectre de ses placements, avec toutefois des pr\u00e9cautions \u00e0 prendre quant aux risques de perte en capital.<\/p>\n\n\n\n<h2 class=\"wp-block-heading\">Les formes de capital-investissement<\/h2>\n\n\n\n<h4 class=\"wp-block-heading\">\u2014<\/h4>\n\n\n\n<ul class=\"wp-block-list\">\n<li>Le&nbsp;<strong>capital risque<\/strong>&nbsp;: pour financer la cr\u00e9ation de l\u2019entreprise (notamment les soci\u00e9t\u00e9s innovantes) ou les premiers d\u00e9veloppements d\u2019une entreprise r\u00e9cente (moins de 5&nbsp;ans).<\/li>\n\n\n\n<li>Le&nbsp;<strong>capital d\u00e9veloppement<\/strong>&nbsp;: pour soutenir et acc\u00e9l\u00e9rer la croissance de l\u2019entreprise.<\/li>\n\n\n\n<li>Le&nbsp;<strong>capital transmission<\/strong>&nbsp;ou&nbsp;<em>leveraged by-out<\/em>&nbsp;(LBO)&nbsp;: pour financer l&#8217;acquisition de l&#8217;entreprise avec effet de levier. Cette acquisition se fait par le biais d&#8217;un emprunt via la constitution d&#8217;une soci\u00e9t\u00e9 holding de reprise.<\/li>\n\n\n\n<li>Le&nbsp;<strong>capital retournement<\/strong>&nbsp;: pour financer l\u2019acquisition d\u2019une entreprise en difficult\u00e9 afin de lui fournir les ressources n\u00e9cessaires pour mettre en place un plan de redressement.<\/li>\n<\/ul>\n\n\n\n<h2 class=\"wp-block-heading\">Il existe trois types de fonds de capital investissement<\/h2>\n\n\n\n<h4 class=\"wp-block-heading\">\u2014<\/h4>\n\n\n\n<ul class=\"wp-block-list\">\n<li>Les FCPR (fonds communs de placement \u00e0 risques), qui sont investis en titres d\u2019entreprises non cot\u00e9es en bourse \u00e0 hauteur de 50&nbsp;% minimum,<\/li>\n\n\n\n<li>Les FCPI (fonds communs de placement dans l\u2019innovation), qui sont investis en titres de soci\u00e9t\u00e9s innovantes non cot\u00e9es en bourse \u00e0 hauteur de 60&nbsp;% minimum,<\/li>\n\n\n\n<li>Les FIP (fonds d\u2019investissement de proximit\u00e9), qui sont investis dans des PME r\u00e9gionales non cot\u00e9es en bourse \u00e0 hauteur de 60&nbsp;% minimum.<\/li>\n<\/ul>\n\n\n\n<p><em>Nota&nbsp;: les FCPI et les FIP sont deux cat\u00e9gories sp\u00e9cifiques de FCPR. Ces fonds sont soumis \u00e0 l\u2019agr\u00e9ment de l\u2019AMF et doivent \u00eatre propos\u00e9s par des soci\u00e9t\u00e9s de gestion \u00e9galement agr\u00e9\u00e9es par l\u2019AMF.<\/em><\/p>\n\n\n\n<h2 class=\"wp-block-heading\">Une autre fa\u00e7on d\u2019investir : le financement participatif ou crowfunding<\/h2>\n\n\n\n<h4 class=\"wp-block-heading\">\u2014<\/h4>\n\n\n\n<p>Le financement participatif est un mode de financement alternatif aux acteurs traditionnels (banques par exemple) pour les particuliers ou les professionnels qui souhaitent financer leur projet. Ils font donc appel \u00e0 la participation du public, qui va investir de l\u2019argent, via un site internet par exemple, dans des projets sur des secteurs vari\u00e9s (culturel, associatif, entrepreneurial, immobilier, etc.).<\/p>\n\n\n\n<p>Tout comme le capital-investissement, des risques existent&nbsp;: perte de tout ou partie du capital investi ou des sommes pr\u00eat\u00e9s, difficult\u00e9 de revente de titres, absence de garantie de la bonne affectation des sommes collect\u00e9s\u2026<\/p>\n\n\n\n<p>En sortant des sch\u00e9mas classiques de placement et d\u2019investissement, il importe de consid\u00e9rer avec prudence les solutions alternatives, trop souvent li\u00e9es \u00e0 des effets de mode ou des promesses de rendement trop \u00e9lev\u00e9es.<\/p>\n\n\n<div class=\"gb-container gb-container-c96aa272\">\n<div class=\"gb-container gb-container-a4b5cd2e\">\n\n<h3 class=\"gb-headline gb-headline-b8d93b26\"><span class=\"gb-icon\"><svg viewBox=\"0 0 512 512\" xmlns=\"http:\/\/www.w3.org\/2000\/svg\"><path d=\"M511.935 469.013a8.446 8.446 0 00-.592-2.928c-.051-.124-.139-.22-.195-.341a8.39 8.39 0 00-.944-1.648l-57.938-74.491V145.067c-.015-14.132-11.468-25.585-25.6-25.6H409.6V25.6C409.585 11.468 398.132.015 384 0H128c-14.132.015-25.585 11.468-25.6 25.6v93.867H85.333c-14.132.015-25.585 11.468-25.6 25.6v244.538L1.796 464.096a8.39 8.39 0 00-.944 1.648c-.057.121-.144.217-.195.341a8.442 8.442 0 00-.592 2.928c-.005.112-.065.206-.065.32V486.4c.015 14.132 11.468 25.585 25.6 25.6h460.8c14.132-.015 25.585-11.468 25.6-25.6v-17.067c0-.114-.06-.208-.065-.32zM119.467 25.6A8.544 8.544 0 01128 17.067h256a8.544 8.544 0 018.533 8.533v324.267H119.467V25.6zM76.8 145.067a8.544 8.544 0 018.533-8.533H102.4v213.333h-8.533a8.533 8.533 0 000 17.066h324.267c4.713 0 8.533-3.82 8.533-8.533s-3.82-8.533-8.533-8.533H409.6V136.533h17.067a8.544 8.544 0 018.533 8.533V384H76.8V145.067zm-4.358 256h367.117l46.462 59.733H25.979l46.463-59.733zM494.933 486.4a8.544 8.544 0 01-8.533 8.533H25.6a8.544 8.544 0 01-8.533-8.533v-8.533h477.867v8.533z\"><\/path><path d=\"M392.533 426.667H119.467c-4.713 0-8.533 3.82-8.533 8.533s3.82 8.533 8.533 8.533h273.067a8.533 8.533 0 10-.001-17.066zM85.333 426.667H76.8c-4.713 0-8.533 3.82-8.533 8.533s3.82 8.533 8.533 8.533h8.533c4.713 0 8.533-3.82 8.533-8.533s-3.82-8.533-8.533-8.533zM435.2 426.667h-8.533c-4.713 0-8.533 3.82-8.533 8.533s3.82 8.533 8.533 8.533h8.533c4.713 0 8.533-3.82 8.533-8.533s-3.82-8.533-8.533-8.533zM290.133 179.2c0 4.713 3.82 8.533 8.533 8.533s8.533-3.82 8.533-8.533c0-21.097-18.491-38.622-42.667-42.024V128c0-4.713-3.82-8.533-8.533-8.533s-8.533 3.82-8.533 8.533v9.176c-24.176 3.402-42.667 20.927-42.667 42.024s18.491 38.622 42.667 42.024v50.933c-14.68-2.862-25.6-12.797-25.6-24.691a8.533 8.533 0 00-17.066 0c0 21.097 18.491 38.622 42.667 42.024v9.176c0 4.713 3.82 8.533 8.533 8.533s8.533-3.82 8.533-8.533v-9.176c24.176-3.402 42.667-20.927 42.667-42.024s-18.491-38.622-42.667-42.024v-50.933c14.68 2.862 25.6 12.797 25.6 24.691zm-42.666 24.691c-14.68-2.862-25.6-12.798-25.6-24.691 0-11.894 10.92-21.829 25.6-24.691v49.382zm42.666 43.576c0 11.894-10.92 21.829-25.6 24.691v-49.382c14.68 2.861 25.6 12.797 25.6 24.691zM170.667 34.133h-25.6c-4.713 0-8.533 3.82-8.533 8.533s3.82 8.533 8.533 8.533h25.6c4.713 0 8.533-3.82 8.533-8.533s-3.82-8.533-8.533-8.533zM153.6 68.267h-8.533c-4.713 0-8.533 3.82-8.533 8.533s3.82 8.533 8.533 8.533h8.533c4.713 0 8.533-3.82 8.533-8.533s-3.82-8.533-8.533-8.533zM264.533 76.8A8.533 8.533 0 00256 68.267h-68.267c-4.713 0-8.533 3.82-8.533 8.533s3.82 8.533 8.533 8.533H256a8.533 8.533 0 008.533-8.533zM204.8 51.2h25.6c4.713 0 8.533-3.82 8.533-8.533s-3.82-8.533-8.533-8.533h-25.6c-4.713 0-8.533 3.82-8.533 8.533s3.82 8.533 8.533 8.533z\"><\/path><\/svg><\/span><span class=\"gb-headline-text\"><a href=\"https:\/\/www.feodus-finance.fr\/defiscalisation\/credit-lombard\/\">cr\u00e9dit lombard<\/a><\/span><\/h3>\n\n\n\n<p class=\"gb-headline gb-headline-940b6b59 gb-headline-text\">D\u00e9couvrez le cr\u00e9dit Lombard ! Votre D\u00e9fiscalisation peut vous aider \u00e0 trouver des avantages fiscaux pour chaque investissement.\u2026<\/p>\n\n\n\n<a class=\"gb-button gb-button-3898b100\" href=\"https:\/\/www.feodus-finance.fr\/defiscalisation\/credit-lombard\/\"><span class=\"gb-button-text\">En savoir plus<\/span><span class=\"gb-icon\"><svg aria-hidden=\"true\" role=\"img\" height=\"1em\" width=\"1em\" viewBox=\"0 0 256 512\" xmlns=\"http:\/\/www.w3.org\/2000\/svg\"><path fill=\"currentColor\" d=\"M224.3 273l-136 136c-9.4 9.4-24.6 9.4-33.9 0l-22.6-22.6c-9.4-9.4-9.4-24.6 0-33.9l96.4-96.4-96.4-96.4c-9.4-9.4-9.4-24.6 0-33.9L54.3 103c9.4-9.4 24.6-9.4 33.9 0l136 136c9.5 9.4 9.5 24.6.1 34z\"><\/path><\/svg><\/span><\/a>\n\n<\/div>\n\n<div class=\"gb-container gb-container-2189687a\">\n\n<h3 class=\"gb-headline gb-headline-bce23a6e\"><span class=\"gb-icon\"><svg viewBox=\"0 0 64 64\" xmlns=\"http:\/\/www.w3.org\/2000\/svg\"><path d=\"M33 38.858c1.72-.447 3-1.999 3-3.858 0-2.206-1.794-4-4-4-1.103 0-2-.897-2-2s.897-2 2-2 2 .897 2 2h2c0-1.859-1.28-3.411-3-3.858V23h-2v2.142c-1.72.447-3 1.999-3 3.858 0 2.206 1.794 4 4 4 1.103 0 2 .897 2 2s-.897 2-2 2-2-.897-2-2h-2c0 1.859 1.28 3.411 3 3.858V41h2zM32 19c-7.168 0-13 5.832-13 13h2c0-6.065 4.935-11 11-11zM43 32c0 6.065-4.935 11-11 11v2c7.168 0 13-5.832 13-13zM21.6 8.164a25.899 25.899 0 00-8.319 5.792l1.439 1.389a23.952 23.952 0 017.681-5.349zM25.761 6.754a25.69 25.69 0 00-2.082.606l.642 1.895c.624-.211 1.27-.399 1.918-.56zM29.922 6.082c-.683.054-1.383.138-2.08.249l.316 1.975a23.11 23.11 0 011.92-.229z\"><\/path><path d=\"M32 3c7.747 0 15.029 3.017 20.506 8.494a1.03 1.03 0 001.414 0L56 9.414V17h-7.586l1.971-1.971a.999.999 0 000-1.414C45.474 8.704 38.945 6 32 6v2c6.076 0 11.808 2.243 16.249 6.337l-2.956 2.956A1 1 0 0046 19h11a1 1 0 001-1V7a1 1 0 00-1.707-.707l-3.091 3.091C47.437 3.97 39.947 1 32 1 14.907 1 1 14.906 1 32h2C3 16.01 16.009 3 32 3zM50.72 50.044l-1.439-1.389a23.952 23.952 0 01-7.681 5.349l.801 1.832a25.91 25.91 0 008.319-5.792zM38.239 57.246a25.69 25.69 0 002.082-.606l-.642-1.895c-.624.211-1.27.399-1.918.56zM34.078 57.918a26.638 26.638 0 002.08-.249l-.316-1.975a23.11 23.11 0 01-1.92.229z\"><\/path><path d=\"M61 32c0 15.99-13.009 29-29 29-7.747 0-15.029-3.017-20.506-8.494a1.03 1.03 0 00-1.414 0L8 54.586V47h7.586l-1.971 1.971a.999.999 0 000 1.414C18.526 55.296 25.055 58 32 58v-2c-6.076 0-11.808-2.243-16.249-6.337l2.956-2.956A1 1 0 0018 45H7a1 1 0 00-1 1v11a1 1 0 001.707.707l3.091-3.091C16.563 60.03 24.053 63 32 63c17.093 0 31-13.906 31-31z\"><\/path><path d=\"M49 32c0-9.374-7.626-17-17-17s-17 7.626-17 17 7.626 17 17 17 17-7.626 17-17zM32 47c-8.271 0-15-6.729-15-15s6.729-15 15-15 15 6.729 15 15-6.729 15-15 15z\"><\/path><\/svg><\/span><span class=\"gb-headline-text\"><a href=\"https:\/\/www.feodus-finance.fr\/defiscalisation\/jurisprudence-musel\/\">jurisprudence musel<\/a><\/span><\/h3>\n\n\n\n<p class=\"gb-headline gb-headline-aae6e5f1 gb-headline-text\">Qu&#8217;est-ce que la Jurisprudence Musel&nbsp;? Comment la mettre en place&nbsp;?\u2026<\/p>\n\n\n\n<a class=\"gb-button gb-button-1b85d4a9\" href=\"https:\/\/www.feodus-finance.fr\/defiscalisation\/jurisprudence-musel\/\"><span class=\"gb-button-text\">en savoir plus<\/span><span class=\"gb-icon\"><svg xmlns=\"http:\/\/www.w3.org\/2000\/svg\" viewBox=\"0 0 256 512\" width=\"1em\" height=\"1em\" aria-hidden=\"true\"><path d=\"M224.3 273l-136 136c-9.4 9.4-24.6 9.4-33.9 0l-22.6-22.6c-9.4-9.4-9.4-24.6 0-33.9l96.4-96.4-96.4-96.4c-9.4-9.4-9.4-24.6 0-33.9L54.3 103c9.4-9.4 24.6-9.4 33.9 0l136 136c9.5 9.4 9.5 24.6.1 34z\" fill=\"currentColor\"><\/path><\/svg><\/span><\/a>\n\n<\/div>\n\n<div class=\"gb-container gb-container-dcb27f39\">\n\n<h3 class=\"gb-headline gb-headline-548e9b47\"><span class=\"gb-icon\"><svg aria-hidden=\"true\" role=\"img\" height=\"1em\" width=\"1em\" viewBox=\"0 0 512 512\" xmlns=\"http:\/\/www.w3.org\/2000\/svg\"><path fill=\"currentColor\" d=\"M256 8C119.033 8 8 119.033 8 256s111.033 248 248 248 248-111.033 248-248S392.967 8 256 8zm0 48c110.532 0 200 89.451 200 200 0 110.532-89.451 200-200 200-110.532 0-200-89.451-200-200 0-110.532 89.451-200 200-200m140.204 130.267l-22.536-22.718c-4.667-4.705-12.265-4.736-16.97-.068L215.346 303.697l-59.792-60.277c-4.667-4.705-12.265-4.736-16.97-.069l-22.719 22.536c-4.705 4.667-4.736 12.265-.068 16.971l90.781 91.516c4.667 4.705 12.265 4.736 16.97.068l172.589-171.204c4.704-4.668 4.734-12.266.067-16.971z\"><\/path><\/svg><\/span><span class=\"gb-headline-text\"><a href=\"https:\/\/www.feodus-finance.fr\/defiscalisation\/private-equity\/\">Private Equity<\/a><\/span><\/h3>\n\n\n\n<p class=\"gb-headline gb-headline-a9a42d7b gb-headline-text\">Le Private Equity offre aux investisseurs l\u2019opportunit\u00e9 de soutenir la croissance d\u2019entreprises non cot\u00e9es.<\/p>\n\n\n\n<a class=\"gb-button gb-button-162eeb52\" href=\"https:\/\/www.feodus-finance.fr\/defiscalisation\/private-equity\/\"><span class=\"gb-button-text\">en savoir plus<\/span><span class=\"gb-icon\"><svg xmlns=\"http:\/\/www.w3.org\/2000\/svg\" viewBox=\"0 0 256 512\" width=\"1em\" height=\"1em\" aria-hidden=\"true\"><path d=\"M224.3 273l-136 136c-9.4 9.4-24.6 9.4-33.9 0l-22.6-22.6c-9.4-9.4-9.4-24.6 0-33.9l96.4-96.4-96.4-96.4c-9.4-9.4-9.4-24.6 0-33.9L54.3 103c9.4-9.4 24.6-9.4 33.9 0l136 136c9.5 9.4 9.5 24.6.1 34z\" fill=\"currentColor\"><\/path><\/svg><\/span><\/a>\n\n<\/div>\n\n<div class=\"gb-container gb-container-cc20724e\">\n\n<h3 class=\"gb-headline gb-headline-b138d426\"><span class=\"gb-icon\"><svg aria-hidden=\"true\" role=\"img\" height=\"1em\" width=\"1em\" viewBox=\"0 0 512 512\" xmlns=\"http:\/\/www.w3.org\/2000\/svg\"><path fill=\"currentColor\" d=\"M466.5 83.7l-192-80a48.15 48.15 0 0 0-36.9 0l-192 80C27.7 91.1 16 108.6 16 128c0 198.5 114.5 335.7 221.5 380.3 11.8 4.9 25.1 4.9 36.9 0C360.1 472.6 496 349.3 496 128c0-19.4-11.7-36.9-29.5-44.3zM256.1 446.3l-.1-381 175.9 73.3c-3.3 151.4-82.1 261.1-175.8 307.7z\"><\/path><\/svg><\/span><span class=\"gb-headline-text\"><a href=\"https:\/\/www.feodus-finance.fr\/defiscalisation\/micro-investissement\/\">MICRO-INVESTISSEMENT<\/a><\/span><\/h3>\n\n\n\n<p class=\"gb-headline gb-headline-dc0096e9 gb-headline-text\">Le micro-investissement consiste \u00e0 investir de petites sommes, souvent de mani\u00e8re r\u00e9guli\u00e8re, dans des projets ou des actifs financiers vari\u00e9s.<\/p>\n\n\n\n<a class=\"gb-button gb-button-4679f23c\" href=\"https:\/\/www.feodus-finance.fr\/defiscalisation\/micro-investissement\/\"><span class=\"gb-button-text\">en savoir plus<\/span><span class=\"gb-icon\"><svg xmlns=\"http:\/\/www.w3.org\/2000\/svg\" viewBox=\"0 0 256 512\" width=\"1em\" height=\"1em\" aria-hidden=\"true\"><path d=\"M224.3 273l-136 136c-9.4 9.4-24.6 9.4-33.9 0l-22.6-22.6c-9.4-9.4-9.4-24.6 0-33.9l96.4-96.4-96.4-96.4c-9.4-9.4-9.4-24.6 0-33.9L54.3 103c9.4-9.4 24.6-9.4 33.9 0l136 136c9.5 9.4 9.5 24.6.1 34z\" fill=\"currentColor\"><\/path><\/svg><\/span><\/a>\n\n<\/div>\n<\/div>\n\n\n<p><\/p>\n","protected":false},"excerpt":{"rendered":"<p>O\u00f9 et comment placer son Investissement en particulier Mieux appr\u00e9hender le capital-investissement ou private-equity En dehors des sch\u00e9mas classiques de placement, il est tout \u00e0 fait possible d\u2019entrer au capital d\u2019une soci\u00e9t\u00e9 non cot\u00e9e en bourse, de devenir \u2018business angel\u2019 ou bien d\u2019acc\u00e9der au financement participatif. Faire du capital-investissement, ou \u00ab&nbsp;private equity&nbsp;\u00bb, consiste \u00e0 prendre &#8230; <a title=\"Investissement\" class=\"read-more\" href=\"https:\/\/www.feodus-finance.fr\/defiscalisation\/investissement\/\" aria-label=\"En savoir plus sur Investissement\">Lire plus<\/a><\/p>\n","protected":false},"author":2,"featured_media":1941,"parent":1800,"menu_order":0,"comment_status":"closed","ping_status":"closed","template":"","meta":{"footnotes":""},"class_list":["post-1930","page","type-page","status-publish","has-post-thumbnail"],"yoast_head":"<!-- This site is optimized with the Yoast SEO plugin v24.6 - https:\/\/yoast.com\/wordpress\/plugins\/seo\/ -->\n<title>Investissement en particulier : O\u00f9 et comment placer ?<\/title>\n<meta name=\"description\" content=\"Accessible aux particuliers, l&#039;investissement dans des fonds de capital-investissement permet donc d\u2019\u00e9largir le spectre de ses placements\" \/>\n<meta name=\"robots\" content=\"index, follow, max-snippet:-1, max-image-preview:large, max-video-preview:-1\" \/>\n<link rel=\"canonical\" href=\"https:\/\/www.feodus-finance.fr\/defiscalisation\/investissement\/\" \/>\n<meta property=\"og:locale\" content=\"fr_FR\" \/>\n<meta property=\"og:type\" content=\"article\" \/>\n<meta property=\"og:title\" content=\"Investissement en particulier : O\u00f9 et comment placer ?\" \/>\n<meta property=\"og:description\" content=\"Accessible aux particuliers, l&#039;investissement dans des fonds de capital-investissement permet donc d\u2019\u00e9largir le spectre de ses placements\" \/>\n<meta property=\"og:url\" content=\"https:\/\/www.feodus-finance.fr\/defiscalisation\/investissement\/\" \/>\n<meta property=\"og:site_name\" content=\"Feodus\" \/>\n<meta property=\"article:modified_time\" content=\"2024-11-15T15:02:58+00:00\" \/>\n<meta property=\"og:image\" content=\"https:\/\/www.feodus-finance.fr\/defiscalisation\/wp-content\/uploads\/2023\/11\/15667.jpeg\" \/>\n\t<meta property=\"og:image:width\" content=\"920\" \/>\n\t<meta property=\"og:image:height\" content=\"609\" \/>\n\t<meta property=\"og:image:type\" content=\"image\/jpeg\" \/>\n<meta name=\"twitter:card\" content=\"summary_large_image\" \/>\n<!-- \/ Yoast SEO plugin. -->","yoast_head_json":{"title":"Investissement en particulier : O\u00f9 et comment placer ?","description":"Accessible aux particuliers, l'investissement dans des fonds de capital-investissement permet donc d\u2019\u00e9largir le spectre de ses placements","robots":{"index":"index","follow":"follow","max-snippet":"max-snippet:-1","max-image-preview":"max-image-preview:large","max-video-preview":"max-video-preview:-1"},"canonical":"https:\/\/www.feodus-finance.fr\/defiscalisation\/investissement\/","og_locale":"fr_FR","og_type":"article","og_title":"Investissement en particulier : O\u00f9 et comment placer ?","og_description":"Accessible aux particuliers, l'investissement dans des fonds de capital-investissement permet donc d\u2019\u00e9largir le spectre de ses placements","og_url":"https:\/\/www.feodus-finance.fr\/defiscalisation\/investissement\/","og_site_name":"Feodus","article_modified_time":"2024-11-15T15:02:58+00:00","og_image":[{"width":920,"height":609,"url":"https:\/\/www.feodus-finance.fr\/defiscalisation\/wp-content\/uploads\/2023\/11\/15667.jpeg","type":"image\/jpeg"}],"twitter_card":"summary_large_image","schema":{"@context":"https:\/\/schema.org","@graph":[{"@type":"WebPage","@id":"https:\/\/www.feodus-finance.fr\/defiscalisation\/investissement\/","url":"https:\/\/www.feodus-finance.fr\/defiscalisation\/investissement\/","name":"Investissement en particulier : O\u00f9 et comment placer ?","isPartOf":{"@id":"https:\/\/www.feodus-finance.fr\/defiscalisation\/#website"},"primaryImageOfPage":{"@id":"https:\/\/www.feodus-finance.fr\/defiscalisation\/investissement\/#primaryimage"},"image":{"@id":"https:\/\/www.feodus-finance.fr\/defiscalisation\/investissement\/#primaryimage"},"thumbnailUrl":"https:\/\/www.feodus-finance.fr\/defiscalisation\/wp-content\/uploads\/2023\/11\/15667.jpeg","datePublished":"2023-11-21T10:05:27+00:00","dateModified":"2024-11-15T15:02:58+00:00","description":"Accessible aux particuliers, l'investissement dans des fonds de capital-investissement permet donc d\u2019\u00e9largir le spectre de ses placements","breadcrumb":{"@id":"https:\/\/www.feodus-finance.fr\/defiscalisation\/investissement\/#breadcrumb"},"inLanguage":"fr-FR","potentialAction":[{"@type":"ReadAction","target":["https:\/\/www.feodus-finance.fr\/defiscalisation\/investissement\/"]}]},{"@type":"ImageObject","inLanguage":"fr-FR","@id":"https:\/\/www.feodus-finance.fr\/defiscalisation\/investissement\/#primaryimage","url":"https:\/\/www.feodus-finance.fr\/defiscalisation\/wp-content\/uploads\/2023\/11\/15667.jpeg","contentUrl":"https:\/\/www.feodus-finance.fr\/defiscalisation\/wp-content\/uploads\/2023\/11\/15667.jpeg","width":920,"height":609,"caption":"Investissements"},{"@type":"BreadcrumbList","@id":"https:\/\/www.feodus-finance.fr\/defiscalisation\/investissement\/#breadcrumb","itemListElement":[{"@type":"ListItem","position":1,"name":"Accueil","item":"https:\/\/www.feodus-finance.fr\/defiscalisation\/"},{"@type":"ListItem","position":2,"name":"Particulier","item":"https:\/\/www.feodus-finance.fr\/defiscalisation\/particulier\/"},{"@type":"ListItem","position":3,"name":"Investissement"}]},{"@type":"WebSite","@id":"https:\/\/www.feodus-finance.fr\/defiscalisation\/#website","url":"https:\/\/www.feodus-finance.fr\/defiscalisation\/","name":"Feodus","description":"","publisher":{"@id":"https:\/\/www.feodus-finance.fr\/defiscalisation\/#organization"},"potentialAction":[{"@type":"SearchAction","target":{"@type":"EntryPoint","urlTemplate":"https:\/\/www.feodus-finance.fr\/defiscalisation\/?s={search_term_string}"},"query-input":{"@type":"PropertyValueSpecification","valueRequired":true,"valueName":"search_term_string"}}],"inLanguage":"fr-FR"},{"@type":"Organization","@id":"https:\/\/www.feodus-finance.fr\/defiscalisation\/#organization","name":"Feodus","url":"https:\/\/www.feodus-finance.fr\/defiscalisation\/","logo":{"@type":"ImageObject","inLanguage":"fr-FR","@id":"https:\/\/www.feodus-finance.fr\/defiscalisation\/#\/schema\/logo\/image\/","url":"https:\/\/www.feodus-finance.fr\/defiscalisation\/wp-content\/uploads\/2023\/11\/cropped-logo-footer.jpg","contentUrl":"https:\/\/www.feodus-finance.fr\/defiscalisation\/wp-content\/uploads\/2023\/11\/cropped-logo-footer.jpg","width":249,"height":73,"caption":"Feodus"},"image":{"@id":"https:\/\/www.feodus-finance.fr\/defiscalisation\/#\/schema\/logo\/image\/"}}]}},"_links":{"self":[{"href":"https:\/\/www.feodus-finance.fr\/defiscalisation\/wp-json\/wp\/v2\/pages\/1930","targetHints":{"allow":["GET"]}}],"collection":[{"href":"https:\/\/www.feodus-finance.fr\/defiscalisation\/wp-json\/wp\/v2\/pages"}],"about":[{"href":"https:\/\/www.feodus-finance.fr\/defiscalisation\/wp-json\/wp\/v2\/types\/page"}],"author":[{"embeddable":true,"href":"https:\/\/www.feodus-finance.fr\/defiscalisation\/wp-json\/wp\/v2\/users\/2"}],"replies":[{"embeddable":true,"href":"https:\/\/www.feodus-finance.fr\/defiscalisation\/wp-json\/wp\/v2\/comments?post=1930"}],"version-history":[{"count":8,"href":"https:\/\/www.feodus-finance.fr\/defiscalisation\/wp-json\/wp\/v2\/pages\/1930\/revisions"}],"predecessor-version":[{"id":3434,"href":"https:\/\/www.feodus-finance.fr\/defiscalisation\/wp-json\/wp\/v2\/pages\/1930\/revisions\/3434"}],"up":[{"embeddable":true,"href":"https:\/\/www.feodus-finance.fr\/defiscalisation\/wp-json\/wp\/v2\/pages\/1800"}],"wp:featuredmedia":[{"embeddable":true,"href":"https:\/\/www.feodus-finance.fr\/defiscalisation\/wp-json\/wp\/v2\/media\/1941"}],"wp:attachment":[{"href":"https:\/\/www.feodus-finance.fr\/defiscalisation\/wp-json\/wp\/v2\/media?parent=1930"}],"curies":[{"name":"wp","href":"https:\/\/api.w.org\/{rel}","templated":true}]}}