{"id":1968,"date":"2023-11-21T12:40:57","date_gmt":"2023-11-21T12:40:57","guid":{"rendered":"https:\/\/www.feodus-finance.fr\/defiscalisation\/?page_id=1968"},"modified":"2023-11-25T15:39:38","modified_gmt":"2023-11-25T14:39:38","slug":"impot-sur-le-revenu","status":"publish","type":"page","link":"https:\/\/www.feodus-finance.fr\/defiscalisation\/impot-sur-le-revenu-entreprise\/","title":{"rendered":"Imp\u00f4t sur le revenu"},"content":{"rendered":"\n<p>Votre imposition \u00e0 l&#8217;IR d\u00e9pend de la forme juridique de votre entreprise&nbsp;: vous devez avoir une activit\u00e9 professionnelle soit comme<strong>&nbsp;exploitant individuel<\/strong>, soit comme&nbsp;<strong>associ\u00e9 d\u2019une soci\u00e9t\u00e9 de personnes<\/strong>&nbsp;(ex&nbsp;: soci\u00e9t\u00e9s en nom collectif (SNC), soci\u00e9t\u00e9s de fait, EURL\u2026).<\/p>\n\n\n\n<h2 class=\"wp-block-heading\">Les entreprises \u00e0 l\u2019IR : comment \u00e7a marche ?<\/h2>\n\n\n\n<h4 class=\"wp-block-heading\">\u2014<\/h4>\n\n\n\n<p>Si vous \u00eates exploitant individuel, vous \u00eates personnellement imposable sur la totalit\u00e9 des b\u00e9n\u00e9fices r\u00e9alis\u00e9s. En tant qu\u2019associ\u00e9 d\u2019une soci\u00e9t\u00e9 de personnes, vous n\u2019\u00eates impos\u00e9 que sur la part du b\u00e9n\u00e9fice de la soci\u00e9t\u00e9 qui vous revient. La r\u00e9partition du b\u00e9n\u00e9fice est effectu\u00e9e entre les associ\u00e9s en fonction de la participation de chacun dans le capital de la soci\u00e9t\u00e9 (nombre de parts sociales). Vos r\u00e9sultats professionnels, comme vos autres revenus, font partie du revenu imposable de votre foyer fiscal et sont soumis au taux d\u2019imposition du bar\u00e8me de l\u2019imp\u00f4t sur le revenu.<\/p>\n\n\n\n<p>En tant qu\u2019exploitant individuel ou associ\u00e9 d\u2019une entreprise, si vous relevez d\u2019un r\u00e9gime r\u00e9el d\u2019imposition, vous \u00eates tenu de souscrire par voie \u00e9lectronique une d\u00e9claration annuelle de r\u00e9sultats.<\/p>\n\n\n\n<p>Cette souscription par voie \u00e9lectronique peut \u00eatre effectu\u00e9e&nbsp;:<\/p>\n\n\n\n<ul class=\"wp-block-list\">\n<li>via les services en ligne propos\u00e9s sur ce site si vous d\u00e9clarez des b\u00e9n\u00e9fices non commerciaux (BNC), des b\u00e9n\u00e9fices industriels et commerciaux (BIC) ou des b\u00e9n\u00e9fices agricoles (BA) soumis au r\u00e9gime simplifi\u00e9 d\u2019imposition, \u00e0 partir de votre espace professionnel accessible depuis le portail impots.gouv.fr&nbsp;;<\/li>\n\n\n\n<li>via la proc\u00e9dure de transfert des donn\u00e9es fiscales et comptables (EDI-TDFC). Si vous utilisez les services d\u2019un expert-comptable ou si vous \u00eates adh\u00e9rent d\u2019un organisme de gestion agr\u00e9\u00e9, ces prestataires pourront le plus souvent assurer cette transmission pour votre compte.<\/li>\n<\/ul>\n\n\n\n<p>Cette d\u00e9claration comporte une annexe relative \u00e0 la d\u00e9claration des loyers des locaux \u00e0 usage professionnel ou commercial dont les contribuables sont exploitants au 1<sup>er<\/sup>&nbsp;janvier de l&#8217;ann\u00e9e d&#8217;imposition et pour lesquels ils sont passibles de la cotisation fonci\u00e8re des entreprises (CFE). Sont exclus les locaux industriels \u00e9valu\u00e9s selon la m\u00e9thode comptable.<\/p>\n\n\n\n<p>Pour en savoir plus sur les modalit\u00e9s d\u00e9claratives des revenus des cat\u00e9gories BIC, BNC, BA, reportez-vous \u00e0 la rubrique Particulier&gt;D\u00e9clarer mes revenus&gt;Je d\u00e9clare mes autres revenus&gt;Professions ind\u00e9pendantes.<\/p>\n\n\n\n<p>Vous devez par ailleurs reporter sur votre d\u00e9claration d&#8217;imp\u00f4t sur le revenu (d\u00e9clarations n\u00b0 2042&nbsp;et n\u00b0 2042-C-PRO) votre num\u00e9ro SIRET et le montant du b\u00e9n\u00e9fice imposable \u00e0 l&#8217;imp\u00f4t sur le revenu.<\/p>\n","protected":false},"excerpt":{"rendered":"<p>Votre imposition \u00e0 l&#8217;IR d\u00e9pend de la forme juridique de votre entreprise&nbsp;: vous devez avoir une activit\u00e9 professionnelle soit comme&nbsp;exploitant individuel, soit comme&nbsp;associ\u00e9 d\u2019une soci\u00e9t\u00e9 de personnes&nbsp;(ex&nbsp;: soci\u00e9t\u00e9s en nom collectif (SNC), soci\u00e9t\u00e9s de fait, EURL\u2026). Les entreprises \u00e0 l\u2019IR : comment \u00e7a marche ? \u2014 Si vous \u00eates exploitant individuel, vous \u00eates personnellement imposable &#8230; <a title=\"Imp\u00f4t sur le revenu\" class=\"read-more\" href=\"https:\/\/www.feodus-finance.fr\/defiscalisation\/impot-sur-le-revenu-entreprise\/\" aria-label=\"En savoir plus sur Imp\u00f4t sur le revenu\">Lire plus<\/a><\/p>\n","protected":false},"author":4,"featured_media":1971,"parent":1955,"menu_order":0,"comment_status":"closed","ping_status":"closed","template":"","meta":{"footnotes":""},"class_list":["post-1968","page","type-page","status-publish","has-post-thumbnail"],"yoast_head":"<!-- This site is optimized with the Yoast SEO plugin v24.6 - https:\/\/yoast.com\/wordpress\/plugins\/seo\/ -->\n<title>Entreprises soumises \u00e0 l\u2019imp\u00f4t sur le revenu (IR)<\/title>\n<meta name=\"description\" content=\"Votre imposition \u00e0 l&#039;IR d\u00e9pend de la forme juridique de votre entreprise\u00a0: vous devez avoir une activit\u00e9 professionnelle soit comme exploitant individ\u2026\" \/>\n<meta name=\"robots\" content=\"index, follow, max-snippet:-1, max-image-preview:large, max-video-preview:-1\" \/>\n<link rel=\"canonical\" href=\"https:\/\/www.feodus-finance.fr\/defiscalisation\/impot-sur-le-revenu-entreprise\/\" \/>\n<meta property=\"og:locale\" content=\"fr_FR\" \/>\n<meta property=\"og:type\" content=\"article\" \/>\n<meta property=\"og:title\" content=\"Entreprises soumises \u00e0 l\u2019imp\u00f4t sur le revenu (IR)\" \/>\n<meta property=\"og:description\" content=\"Votre imposition \u00e0 l&#039;IR d\u00e9pend de la forme juridique de votre entreprise\u00a0: vous devez avoir une activit\u00e9 professionnelle soit comme exploitant individ\u2026\" \/>\n<meta property=\"og:url\" content=\"https:\/\/www.feodus-finance.fr\/defiscalisation\/impot-sur-le-revenu-entreprise\/\" \/>\n<meta property=\"og:site_name\" content=\"Feodus\" \/>\n<meta property=\"article:modified_time\" content=\"2023-11-25T14:39:38+00:00\" \/>\n<meta property=\"og:image\" content=\"https:\/\/www.feodus-finance.fr\/defiscalisation\/wp-content\/uploads\/2023\/11\/9910.jpeg\" \/>\n\t<meta property=\"og:image:width\" content=\"920\" \/>\n\t<meta property=\"og:image:height\" content=\"613\" \/>\n\t<meta property=\"og:image:type\" content=\"image\/jpeg\" \/>\n<meta name=\"twitter:card\" content=\"summary_large_image\" \/>\n<!-- \/ Yoast SEO plugin. -->","yoast_head_json":{"title":"Entreprises soumises \u00e0 l\u2019imp\u00f4t sur le revenu (IR)","description":"Votre imposition \u00e0 l'IR d\u00e9pend de la forme juridique de votre entreprise\u00a0: vous devez avoir une activit\u00e9 professionnelle soit comme exploitant individ\u2026","robots":{"index":"index","follow":"follow","max-snippet":"max-snippet:-1","max-image-preview":"max-image-preview:large","max-video-preview":"max-video-preview:-1"},"canonical":"https:\/\/www.feodus-finance.fr\/defiscalisation\/impot-sur-le-revenu-entreprise\/","og_locale":"fr_FR","og_type":"article","og_title":"Entreprises soumises \u00e0 l\u2019imp\u00f4t sur le revenu (IR)","og_description":"Votre imposition \u00e0 l'IR d\u00e9pend de la forme juridique de votre entreprise\u00a0: vous devez avoir une activit\u00e9 professionnelle soit comme exploitant individ\u2026","og_url":"https:\/\/www.feodus-finance.fr\/defiscalisation\/impot-sur-le-revenu-entreprise\/","og_site_name":"Feodus","article_modified_time":"2023-11-25T14:39:38+00:00","og_image":[{"width":920,"height":613,"url":"https:\/\/www.feodus-finance.fr\/defiscalisation\/wp-content\/uploads\/2023\/11\/9910.jpeg","type":"image\/jpeg"}],"twitter_card":"summary_large_image","schema":{"@context":"https:\/\/schema.org","@graph":[{"@type":"WebPage","@id":"https:\/\/www.feodus-finance.fr\/defiscalisation\/impot-sur-le-revenu-entreprise\/","url":"https:\/\/www.feodus-finance.fr\/defiscalisation\/impot-sur-le-revenu-entreprise\/","name":"Entreprises soumises \u00e0 l\u2019imp\u00f4t sur le revenu (IR)","isPartOf":{"@id":"https:\/\/www.feodus-finance.fr\/defiscalisation\/#website"},"primaryImageOfPage":{"@id":"https:\/\/www.feodus-finance.fr\/defiscalisation\/impot-sur-le-revenu-entreprise\/#primaryimage"},"image":{"@id":"https:\/\/www.feodus-finance.fr\/defiscalisation\/impot-sur-le-revenu-entreprise\/#primaryimage"},"thumbnailUrl":"https:\/\/www.feodus-finance.fr\/defiscalisation\/wp-content\/uploads\/2023\/11\/9910.jpeg","datePublished":"2023-11-21T12:40:57+00:00","dateModified":"2023-11-25T14:39:38+00:00","description":"Votre imposition \u00e0 l'IR d\u00e9pend de la forme juridique de votre entreprise\u00a0: vous devez avoir une activit\u00e9 professionnelle soit comme exploitant individ\u2026","breadcrumb":{"@id":"https:\/\/www.feodus-finance.fr\/defiscalisation\/impot-sur-le-revenu-entreprise\/#breadcrumb"},"inLanguage":"fr-FR","potentialAction":[{"@type":"ReadAction","target":["https:\/\/www.feodus-finance.fr\/defiscalisation\/impot-sur-le-revenu-entreprise\/"]}]},{"@type":"ImageObject","inLanguage":"fr-FR","@id":"https:\/\/www.feodus-finance.fr\/defiscalisation\/impot-sur-le-revenu-entreprise\/#primaryimage","url":"https:\/\/www.feodus-finance.fr\/defiscalisation\/wp-content\/uploads\/2023\/11\/9910.jpeg","contentUrl":"https:\/\/www.feodus-finance.fr\/defiscalisation\/wp-content\/uploads\/2023\/11\/9910.jpeg","width":920,"height":613,"caption":"imp\u00f4t sur le revenu"},{"@type":"BreadcrumbList","@id":"https:\/\/www.feodus-finance.fr\/defiscalisation\/impot-sur-le-revenu-entreprise\/#breadcrumb","itemListElement":[{"@type":"ListItem","position":1,"name":"Accueil","item":"https:\/\/www.feodus-finance.fr\/defiscalisation\/"},{"@type":"ListItem","position":2,"name":"Entreprise","item":"https:\/\/www.feodus-finance.fr\/defiscalisation\/entreprise\/"},{"@type":"ListItem","position":3,"name":"Imposition","item":"https:\/\/www.feodus-finance.fr\/defiscalisation\/imposition\/"},{"@type":"ListItem","position":4,"name":"Imp\u00f4t sur le revenu"}]},{"@type":"WebSite","@id":"https:\/\/www.feodus-finance.fr\/defiscalisation\/#website","url":"https:\/\/www.feodus-finance.fr\/defiscalisation\/","name":"Feodus","description":"","publisher":{"@id":"https:\/\/www.feodus-finance.fr\/defiscalisation\/#organization"},"potentialAction":[{"@type":"SearchAction","target":{"@type":"EntryPoint","urlTemplate":"https:\/\/www.feodus-finance.fr\/defiscalisation\/?s={search_term_string}"},"query-input":{"@type":"PropertyValueSpecification","valueRequired":true,"valueName":"search_term_string"}}],"inLanguage":"fr-FR"},{"@type":"Organization","@id":"https:\/\/www.feodus-finance.fr\/defiscalisation\/#organization","name":"Feodus","url":"https:\/\/www.feodus-finance.fr\/defiscalisation\/","logo":{"@type":"ImageObject","inLanguage":"fr-FR","@id":"https:\/\/www.feodus-finance.fr\/defiscalisation\/#\/schema\/logo\/image\/","url":"https:\/\/www.feodus-finance.fr\/defiscalisation\/wp-content\/uploads\/2023\/11\/cropped-logo-footer.jpg","contentUrl":"https:\/\/www.feodus-finance.fr\/defiscalisation\/wp-content\/uploads\/2023\/11\/cropped-logo-footer.jpg","width":249,"height":73,"caption":"Feodus"},"image":{"@id":"https:\/\/www.feodus-finance.fr\/defiscalisation\/#\/schema\/logo\/image\/"}}]}},"_links":{"self":[{"href":"https:\/\/www.feodus-finance.fr\/defiscalisation\/wp-json\/wp\/v2\/pages\/1968","targetHints":{"allow":["GET"]}}],"collection":[{"href":"https:\/\/www.feodus-finance.fr\/defiscalisation\/wp-json\/wp\/v2\/pages"}],"about":[{"href":"https:\/\/www.feodus-finance.fr\/defiscalisation\/wp-json\/wp\/v2\/types\/page"}],"author":[{"embeddable":true,"href":"https:\/\/www.feodus-finance.fr\/defiscalisation\/wp-json\/wp\/v2\/users\/4"}],"replies":[{"embeddable":true,"href":"https:\/\/www.feodus-finance.fr\/defiscalisation\/wp-json\/wp\/v2\/comments?post=1968"}],"version-history":[{"count":2,"href":"https:\/\/www.feodus-finance.fr\/defiscalisation\/wp-json\/wp\/v2\/pages\/1968\/revisions"}],"predecessor-version":[{"id":1970,"href":"https:\/\/www.feodus-finance.fr\/defiscalisation\/wp-json\/wp\/v2\/pages\/1968\/revisions\/1970"}],"up":[{"embeddable":true,"href":"https:\/\/www.feodus-finance.fr\/defiscalisation\/wp-json\/wp\/v2\/pages\/1955"}],"wp:featuredmedia":[{"embeddable":true,"href":"https:\/\/www.feodus-finance.fr\/defiscalisation\/wp-json\/wp\/v2\/media\/1971"}],"wp:attachment":[{"href":"https:\/\/www.feodus-finance.fr\/defiscalisation\/wp-json\/wp\/v2\/media?parent=1968"}],"curies":[{"name":"wp","href":"https:\/\/api.w.org\/{rel}","templated":true}]}}