{"id":2364,"date":"2023-12-08T09:31:34","date_gmt":"2023-12-08T08:31:34","guid":{"rendered":"https:\/\/www.feodus-finance.fr\/defiscalisation\/?page_id=2364"},"modified":"2023-12-08T09:42:03","modified_gmt":"2023-12-08T08:42:03","slug":"criteres-esg","status":"publish","type":"page","link":"https:\/\/www.feodus-finance.fr\/defiscalisation\/criteres-esg\/","title":{"rendered":"Les crit\u00e8res ESG : une \u00e9valuation responsable et durable des entreprises"},"content":{"rendered":"\n<p>De nos jours, la responsabilit\u00e9 soci\u00e9tale des entreprises (RSE) est de plus en plus au c\u0153ur des pr\u00e9occupations. Ainsi, les <strong>crit\u00e8res Environnementaux, Sociaux et de Gouvernance<\/strong> (ESG) sont devenus des outils importants pour \u00e9valuer la durabilit\u00e9 et la responsabilit\u00e9 des entreprises. Ces crit\u00e8res englobent divers aspects environnementaux, sociaux et de gouvernance, permettant d&#8217;analyser et d&#8217;\u00e9valuer la prise en compte du d\u00e9veloppement durable, des enjeux sociaux et de la bonne gouvernance par une entreprise.<\/p>\n\n\n\n<h2 class=\"wp-block-heading\">Qu&#8217;est-ce que les crit\u00e8res ESG ?<\/h2>\n\n\n\n<p>Les crit\u00e8res ESG d\u00e9signent un ensemble d&#8217;indicateurs permettant de mesurer la performance RSE d&#8217;une organisation. Ces indicateurs peuvent \u00eatre quantitatifs ou qualitatifs, et concernent trois domaines principaux :<\/p>\n\n\n\n<ol class=\"wp-block-list\">\n<li><strong>Environnemental<\/strong> : il s&#8217;agit de l&#8217;impact d&#8217;une entreprise sur l&#8217;environnement, consid\u00e9rant notamment la gestion des ressources naturelles, la r\u00e9duction des \u00e9missions de gaz \u00e0 effet de serre, la gestion des d\u00e9chets, la pr\u00e9vention des risques environnementaux et l&#8217;adaptation au changement climatique.<\/li>\n\n\n\n<li><strong>Social<\/strong> : ce volet prend en compte les relations humaines \u00e0 l&#8217;int\u00e9rieur et \u00e0 l&#8217;ext\u00e9rieur de l&#8217;entreprise, en incluant les pratiques sociales en mati\u00e8re de formation, de sant\u00e9 et de s\u00e9curit\u00e9 au travail, de diversit\u00e9 et d&#8217;inclusion, de dialogue social, ainsi que le respect des droits humains et les relations avec les parties prenantes.<\/li>\n\n\n\n<li><strong>Gouvernance<\/strong> : il concerne la mani\u00e8re dont l&#8217;entreprise est dirig\u00e9e et contr\u00f4l\u00e9e, en se focalisant notamment sur les structures de gouvernance, les politiques de r\u00e9mun\u00e9ration des dirigeants, les risques de corruption et de fraude, ou encore la qualit\u00e9 de l&#8217;information financi\u00e8re et extra-financi\u00e8re.<\/li>\n<\/ol>\n\n\n\n<p>Les crit\u00e8res ESG sont souvent utilis\u00e9s par des agences sp\u00e9cialis\u00e9es qui \u00e9valuent et notent les entreprises selon une m\u00e9thodologie d\u00e9finie. Ces notations peuvent ensuite \u00eatre utiles aux investisseurs et aux autres acteurs du march\u00e9 pour prendre des d\u00e9cisions \u00e9clair\u00e9es en mati\u00e8re de finance responsable.<\/p>\n\n\n\n<h2 class=\"wp-block-heading\">Comment mettre en \u0153uvre les crit\u00e8res ESG ?<\/h2>\n\n\n\n<p>Trois \u00e9tapes principales peuvent \u00eatre identifi\u00e9es pour int\u00e9grer efficacement les crit\u00e8res ESG dans la strat\u00e9gie d&#8217;une entreprise :<\/p>\n\n\n\n<h3 class=\"wp-block-heading\">1. Diagnostic et cartographie des enjeux ESG<\/h3>\n\n\n\n<p>La premi\u00e8re \u00e9tape consiste \u00e0 identifier les diff\u00e9rents enjeux environnementaux, sociaux et de gouvernance auxquels l&#8217;entreprise doit faire face. Cela implique notamment de r\u00e9aliser un diagnostic interne et externe pour rep\u00e9rer les domaines o\u00f9 l&#8217;entreprise pr\u00e9sente des faiblesses, des risques mais aussi des opportunit\u00e9s en termes d&#8217;am\u00e9lioration de sa performance RSE. Ce diagnostic peut se baser sur diff\u00e9rentes sources telles que les rapports de d\u00e9veloppement durable, les questionnaires d&#8217;\u00e9valuation ESG ou les labels et certifications.<\/p>\n\n\n\n<h3 class=\"wp-block-heading\">2. D\u00e9finition d&#8217;une strat\u00e9gie et d&#8217;objectifs ESG<\/h3>\n\n\n\n<p>Une fois les enjeux ESG identifi\u00e9s, l&#8217;entreprise doit d\u00e9finir ses priorit\u00e9s et ses objectifs de performance RSE, en lien avec sa strat\u00e9gie globale. Elle doit \u00e9galement mettre en place des plans d&#8217;action sp\u00e9cifiques pour chaque domaine, impliquant l&#8217;ensemble des parties prenantes (direction, salari\u00e9s, fournisseurs, clients, etc.). Ces objectifs peuvent \u00eatre quantitatifs ou qualitatifs, \u00e0 court, moyen ou long terme, selon les besoins de l&#8217;entreprise.<\/p>\n\n\n\n<h3 class=\"wp-block-heading\">3. Suivi des performances et reporting ESG<\/h3>\n\n\n\n<p>Enfin, il est essentiel de suivre r\u00e9guli\u00e8rement les progr\u00e8s r\u00e9alis\u00e9s dans la mise en \u0153uvre des actions ESG et d&#8217;\u00e9valuer l&#8217;efficacit\u00e9 de ces derni\u00e8res en comparant les r\u00e9sultats obtenus aux objectifs fix\u00e9s. La communication des r\u00e9sultats, notamment via un reporting ESG transparent, permet de renforcer la cr\u00e9dibilit\u00e9 et la confiance des parties prenantes vis-\u00e0-vis de l&#8217;entreprise, tout en favorisant son engagement en faveur du d\u00e9veloppement durable et de la responsabilit\u00e9 soci\u00e9tale.<\/p>\n\n\n\n<h2 class=\"wp-block-heading\">Quels sont les b\u00e9n\u00e9fices des crit\u00e8res ESG pour les entreprises ?<\/h2>\n\n\n\n<p>L&#8217;int\u00e9gration des crit\u00e8res ESG pr\u00e9sente plusieurs avantages pour les entreprises :<\/p>\n\n\n\n<ul class=\"wp-block-list\">\n<li><strong>Une meilleure gestion des risques<\/strong> : les entreprises ayant une bonne performance ESG mettent g\u00e9n\u00e9ralement en place des dispositifs de pr\u00e9vention et de ma\u00eetrise des risques, ce qui peut limiter leurs impacts n\u00e9gatifs sur l&#8217;environnement, les salari\u00e9s et la r\u00e9putation de l&#8217;entreprise.<\/li>\n\n\n\n<li><strong>Une am\u00e9lioration de la performance financi\u00e8re<\/strong> : plusieurs \u00e9tudes montrent que les entreprises ayant une bonne performance ESG sont plus performantes et r\u00e9silientes sur le long terme, en raison notamment d&#8217;une meilleure gestion de leurs ressources et des risques associ\u00e9s.<\/li>\n\n\n\n<li><strong>Un renforcement de l&#8217;image et de la r\u00e9putation<\/strong> : en mettant en avant leur engagement en faveur d&#8217;une \u00e9conomie responsable et durable, les entreprises d\u00e9montrent leur sens des responsabilit\u00e9s et se diff\u00e9rencient positivement aupr\u00e8s de leurs clients, investisseurs, partenaires et autres parties prenantes, qui accordent de plus en plus d&#8217;importance \u00e0 ces aspects.<\/li>\n\n\n\n<li><strong>Une am\u00e9lioration du climat social et de la qualit\u00e9 de vie au travail<\/strong> : les entreprises ayant une politique sociale avanc\u00e9e (formation, diversit\u00e9, sant\u00e9 et s\u00e9curit\u00e9 &#8230;) contribuent au bien-\u00eatre de leurs employ\u00e9s et peuvent ainsi attirer et fid\u00e9liser les talents, tout en favorisant la motivation et la performance globale.<\/li>\n<\/ul>\n","protected":false},"excerpt":{"rendered":"<p>De nos jours, la responsabilit\u00e9 soci\u00e9tale des entreprises (RSE) est de plus en plus au c\u0153ur des pr\u00e9occupations. Ainsi, les crit\u00e8res Environnementaux, Sociaux et de Gouvernance (ESG) sont devenus des outils importants pour \u00e9valuer la durabilit\u00e9 et la responsabilit\u00e9 des entreprises. Ces crit\u00e8res englobent divers aspects environnementaux, sociaux et de gouvernance, permettant d&#8217;analyser et d&#8217;\u00e9valuer &#8230; <a title=\"Les crit\u00e8res ESG : une \u00e9valuation responsable et durable des entreprises\" class=\"read-more\" href=\"https:\/\/www.feodus-finance.fr\/defiscalisation\/criteres-esg\/\" aria-label=\"En savoir plus sur Les crit\u00e8res ESG : une \u00e9valuation responsable et durable des entreprises\">Lire plus<\/a><\/p>\n","protected":false},"author":3,"featured_media":0,"parent":2189,"menu_order":0,"comment_status":"closed","ping_status":"closed","template":"","meta":{"footnotes":""},"class_list":["post-2364","page","type-page","status-publish"],"yoast_head":"<!-- This site is optimized with the Yoast SEO plugin v24.6 - https:\/\/yoast.com\/wordpress\/plugins\/seo\/ -->\n<title>Les crit\u00e8res ESG : une \u00e9valuation responsable et durable des entreprises<\/title>\n<meta name=\"description\" content=\"Ces crit\u00e8res englobent divers aspects environnementaux, sociaux et de gouvernance, permettant d&#039;analyser et d&#039;\u00e9valuer la prise en compte du d\u00e9veloppement durable, des enjeux sociaux et de la bonne gouvernance par une entreprise.\" \/>\n<meta name=\"robots\" content=\"index, follow, max-snippet:-1, max-image-preview:large, max-video-preview:-1\" \/>\n<link rel=\"canonical\" href=\"https:\/\/www.feodus-finance.fr\/defiscalisation\/criteres-esg\/\" \/>\n<meta property=\"og:locale\" content=\"fr_FR\" \/>\n<meta property=\"og:type\" content=\"article\" \/>\n<meta property=\"og:title\" content=\"Les crit\u00e8res ESG : une \u00e9valuation responsable et durable des entreprises\" \/>\n<meta property=\"og:description\" content=\"Ces crit\u00e8res englobent divers aspects environnementaux, sociaux et de gouvernance, permettant d&#039;analyser et d&#039;\u00e9valuer la prise en compte du d\u00e9veloppement durable, des enjeux sociaux et de la bonne gouvernance par une entreprise.\" \/>\n<meta property=\"og:url\" content=\"https:\/\/www.feodus-finance.fr\/defiscalisation\/criteres-esg\/\" \/>\n<meta property=\"og:site_name\" content=\"Feodus\" \/>\n<meta property=\"article:modified_time\" content=\"2023-12-08T08:42:03+00:00\" \/>\n<meta name=\"twitter:card\" content=\"summary_large_image\" \/>\n<!-- \/ Yoast SEO plugin. -->","yoast_head_json":{"title":"Les crit\u00e8res ESG : une \u00e9valuation responsable et durable des entreprises","description":"Ces crit\u00e8res englobent divers aspects environnementaux, sociaux et de gouvernance, permettant d'analyser et d'\u00e9valuer la prise en compte du d\u00e9veloppement durable, des enjeux sociaux et de la bonne gouvernance par une entreprise.","robots":{"index":"index","follow":"follow","max-snippet":"max-snippet:-1","max-image-preview":"max-image-preview:large","max-video-preview":"max-video-preview:-1"},"canonical":"https:\/\/www.feodus-finance.fr\/defiscalisation\/criteres-esg\/","og_locale":"fr_FR","og_type":"article","og_title":"Les crit\u00e8res ESG : une \u00e9valuation responsable et durable des entreprises","og_description":"Ces crit\u00e8res englobent divers aspects environnementaux, sociaux et de gouvernance, permettant d'analyser et d'\u00e9valuer la prise en compte du d\u00e9veloppement durable, des enjeux sociaux et de la bonne gouvernance par une entreprise.","og_url":"https:\/\/www.feodus-finance.fr\/defiscalisation\/criteres-esg\/","og_site_name":"Feodus","article_modified_time":"2023-12-08T08:42:03+00:00","twitter_card":"summary_large_image","schema":{"@context":"https:\/\/schema.org","@graph":[{"@type":"WebPage","@id":"https:\/\/www.feodus-finance.fr\/defiscalisation\/criteres-esg\/","url":"https:\/\/www.feodus-finance.fr\/defiscalisation\/criteres-esg\/","name":"Les crit\u00e8res ESG : une \u00e9valuation responsable et durable des entreprises","isPartOf":{"@id":"https:\/\/www.feodus-finance.fr\/defiscalisation\/#website"},"datePublished":"2023-12-08T08:31:34+00:00","dateModified":"2023-12-08T08:42:03+00:00","description":"Ces crit\u00e8res englobent divers aspects environnementaux, sociaux et de gouvernance, permettant d'analyser et d'\u00e9valuer la prise en compte du d\u00e9veloppement durable, des enjeux sociaux et de la bonne gouvernance par une entreprise.","breadcrumb":{"@id":"https:\/\/www.feodus-finance.fr\/defiscalisation\/criteres-esg\/#breadcrumb"},"inLanguage":"fr-FR","potentialAction":[{"@type":"ReadAction","target":["https:\/\/www.feodus-finance.fr\/defiscalisation\/criteres-esg\/"]}]},{"@type":"BreadcrumbList","@id":"https:\/\/www.feodus-finance.fr\/defiscalisation\/criteres-esg\/#breadcrumb","itemListElement":[{"@type":"ListItem","position":1,"name":"Accueil","item":"https:\/\/www.feodus-finance.fr\/defiscalisation\/"},{"@type":"ListItem","position":2,"name":"\u00c9pargne salariale","item":"https:\/\/www.feodus-finance.fr\/defiscalisation\/epargne-salariale\/"},{"@type":"ListItem","position":3,"name":"Investissement socialement responsable","item":"https:\/\/www.feodus-finance.fr\/defiscalisation\/investissement-socialement-responsable\/"},{"@type":"ListItem","position":4,"name":"Les crit\u00e8res ESG : une \u00e9valuation responsable et durable des entreprises"}]},{"@type":"WebSite","@id":"https:\/\/www.feodus-finance.fr\/defiscalisation\/#website","url":"https:\/\/www.feodus-finance.fr\/defiscalisation\/","name":"Feodus","description":"","publisher":{"@id":"https:\/\/www.feodus-finance.fr\/defiscalisation\/#organization"},"potentialAction":[{"@type":"SearchAction","target":{"@type":"EntryPoint","urlTemplate":"https:\/\/www.feodus-finance.fr\/defiscalisation\/?s={search_term_string}"},"query-input":{"@type":"PropertyValueSpecification","valueRequired":true,"valueName":"search_term_string"}}],"inLanguage":"fr-FR"},{"@type":"Organization","@id":"https:\/\/www.feodus-finance.fr\/defiscalisation\/#organization","name":"Feodus","url":"https:\/\/www.feodus-finance.fr\/defiscalisation\/","logo":{"@type":"ImageObject","inLanguage":"fr-FR","@id":"https:\/\/www.feodus-finance.fr\/defiscalisation\/#\/schema\/logo\/image\/","url":"https:\/\/www.feodus-finance.fr\/defiscalisation\/wp-content\/uploads\/2023\/11\/cropped-logo-footer.jpg","contentUrl":"https:\/\/www.feodus-finance.fr\/defiscalisation\/wp-content\/uploads\/2023\/11\/cropped-logo-footer.jpg","width":249,"height":73,"caption":"Feodus"},"image":{"@id":"https:\/\/www.feodus-finance.fr\/defiscalisation\/#\/schema\/logo\/image\/"}}]}},"_links":{"self":[{"href":"https:\/\/www.feodus-finance.fr\/defiscalisation\/wp-json\/wp\/v2\/pages\/2364","targetHints":{"allow":["GET"]}}],"collection":[{"href":"https:\/\/www.feodus-finance.fr\/defiscalisation\/wp-json\/wp\/v2\/pages"}],"about":[{"href":"https:\/\/www.feodus-finance.fr\/defiscalisation\/wp-json\/wp\/v2\/types\/page"}],"author":[{"embeddable":true,"href":"https:\/\/www.feodus-finance.fr\/defiscalisation\/wp-json\/wp\/v2\/users\/3"}],"replies":[{"embeddable":true,"href":"https:\/\/www.feodus-finance.fr\/defiscalisation\/wp-json\/wp\/v2\/comments?post=2364"}],"version-history":[{"count":3,"href":"https:\/\/www.feodus-finance.fr\/defiscalisation\/wp-json\/wp\/v2\/pages\/2364\/revisions"}],"predecessor-version":[{"id":2503,"href":"https:\/\/www.feodus-finance.fr\/defiscalisation\/wp-json\/wp\/v2\/pages\/2364\/revisions\/2503"}],"up":[{"embeddable":true,"href":"https:\/\/www.feodus-finance.fr\/defiscalisation\/wp-json\/wp\/v2\/pages\/2189"}],"wp:attachment":[{"href":"https:\/\/www.feodus-finance.fr\/defiscalisation\/wp-json\/wp\/v2\/media?parent=2364"}],"curies":[{"name":"wp","href":"https:\/\/api.w.org\/{rel}","templated":true}]}}