{"id":2568,"date":"2023-12-08T11:04:36","date_gmt":"2023-12-08T10:04:36","guid":{"rendered":"https:\/\/www.feodus-finance.fr\/defiscalisation\/?page_id=2568"},"modified":"2023-12-08T11:17:09","modified_gmt":"2023-12-08T10:17:09","slug":"gestion-pilotee-per","status":"publish","type":"page","link":"https:\/\/www.feodus-finance.fr\/defiscalisation\/gestion-pilotee-per\/","title":{"rendered":"Gestion pilot\u00e9e PER : tout ce qu&#8217;il faut savoir"},"content":{"rendered":"\n<p>Le plan d&#8217;\u00e9pargne retraite, commun\u00e9ment appel\u00e9 <strong>PER<\/strong>, est un dispositif qui permet aux \u00e9pargnants de se constituer une \u00e9pargne en vue de leur retraite. Ainsi, avec cette solution, les individus ont un acc\u00e8s \u00e0 des fonds pour compl\u00e9ter leurs revenus lorsqu&#8217;ils seront \u00e0 la retraite. La gestion pilot\u00e9e est l&#8217;un des modes de gestion qui s&#8217;offre aux d\u00e9tenteurs d&#8217;un PER.<\/p>\n\n\n\n<h2 class=\"wp-block-heading\">Qu&#8217;est-ce que la gestion pilot\u00e9e ?<\/h2>\n\n\n\n<p>La gestion pilot\u00e9e est une approche mise en \u0153uvre par certaines institutions financi\u00e8res et assurances proposant des plans d&#8217;\u00e9pargne retraite. Elle consiste \u00e0 confier la gestion de son \u00e9pargne \u00e0 des experts en placement. Ceux-ci vont alors investir les sommes sur diff\u00e9rents supports d&#8217;investissement selon un profil de risque d\u00e9termin\u00e9 et adapter progressivement la r\u00e9partition de l&#8217;\u00e9pargne au fur et \u00e0 mesure que l&#8217;\u00e9ch\u00e9ance de la retraite approche.<\/p>\n\n\n\n<h3 class=\"wp-block-heading\">Les profils de risque<\/h3>\n\n\n\n<p>En fonction du niveau de risque souhait\u00e9, l&#8217;\u00e9pargnant peut g\u00e9n\u00e9ralement choisir entre plusieurs profils de risque pour la gestion pilot\u00e9e de son PER&nbsp;:<\/p>\n\n\n\n<ul class=\"wp-block-list\">\n<li><strong>Profil prudent :<\/strong> L&#8217;\u00e9pargne est majoritairement plac\u00e9e sur un support en euros s\u00e9curis\u00e9, avec une faible exposition aux march\u00e9s financiers.<\/li>\n\n\n\n<li><strong>Profil \u00e9quilibr\u00e9 :<\/strong> La r\u00e9partition de l&#8217;\u00e9pargne est \u00e0 la fois sur des supports s\u00e9curis\u00e9s et sur les march\u00e9s financiers, permettant un meilleur rendement potentiel que le profil prudent tout en ma\u00eetrisant davantage les risques.<\/li>\n\n\n\n<li><strong>Profil dynamique :<\/strong> L&#8217;\u00e9pargne est principalement investie dans les march\u00e9s financiers avec une volatilit\u00e9 accrue. Ce profil offre un potentiel de performance plus important, mais comporte \u00e9galement un risque de perte en capital plus \u00e9lev\u00e9<\/li>\n<\/ul>\n\n\n\n<h3 class=\"wp-block-heading\">L&#8217;horizon d&#8217;investissement<\/h3>\n\n\n\n<p>Un \u00e9l\u00e9ment central de la gestion pilot\u00e9e du PER est la prise en compte de l&#8217;horizon d&#8217;investissement de l&#8217;\u00e9pargnant. En effet, l&#8217;objectif \u00e9tant de constituer un capital pour sa retraite, il est essentiel d&#8217;adapter la strat\u00e9gie d&#8217;investissement en fonction du temps qui reste avant cette \u00e9ch\u00e9ance. Ainsi, au fur et \u00e0 mesure que l&#8217;\u00e9pargnant avance vers l&#8217;\u00e2ge de la retraite, la gestion pilot\u00e9e pr\u00e9voit g\u00e9n\u00e9ralement de r\u00e9duire progressivement l&#8217;exposition aux risques en transf\u00e9rant une partie des avoirs vers des placements moins risqu\u00e9s.<\/p>\n\n\n\n<h2 class=\"wp-block-heading\">Les avantages et limites de la gestion pilot\u00e9e PER<\/h2>\n\n\n\n<p>Il existe plusieurs raisons pour lesquelles un \u00e9pargnant pourrait opter pour la gestion pilot\u00e9e dans le cadre de son PER. Cependant, cette approche comporte aussi certains inconv\u00e9nients qu&#8217;il convient de prendre en consid\u00e9ration.<\/p>\n\n\n\n<h3 class=\"wp-block-heading\">Les avantages<\/h3>\n\n\n\n<ul class=\"wp-block-list\">\n<li><strong>Faire appel \u00e0 des experts :<\/strong> En choisissant la gestion pilot\u00e9e, l&#8217;\u00e9pargnant b\u00e9n\u00e9ficie de l&#8217;expertise de professionnels de la finance pour investir son \u00e9pargne. Ces derniers disposent g\u00e9n\u00e9ralement d&#8217;une connaissance et d&#8217;une analyse fine des perspectives des march\u00e9s financiers.<\/li>\n\n\n\n<li><strong>Une strat\u00e9gie adapt\u00e9e au profil :<\/strong> La gestion pilot\u00e9e proposant diff\u00e9rents profils de risque, l&#8217;\u00e9pargnant peut opter pour celui qui correspond le mieux \u00e0 sa tol\u00e9rance aux fluctuations des march\u00e9s et \u00e0 ses objectifs de rendement.<\/li>\n\n\n\n<li><strong>Un suivi r\u00e9gulier :<\/strong> L&#8217;institution en charge de la gestion pilot\u00e9e PER revoit r\u00e9guli\u00e8rement la r\u00e9partition des actifs dans le portefeuille de l&#8217;\u00e9pargnant, afin d&#8217;en optimiser la performance tout en ma\u00eetrisant les risques.<\/li>\n\n\n\n<li><strong>Une diversification :<\/strong> La gestion pilot\u00e9e permet d&#8217;acc\u00e9der \u00e0 un large choix de supports d&#8217;investissement, ce qui offre une meilleure diversification du portefeuille et contribue \u00e0 r\u00e9duire globalement les risques.<\/li>\n<\/ul>\n\n\n\n<h3 class=\"wp-block-heading\">Les limites<\/h3>\n\n\n\n<ul class=\"wp-block-list\">\n<li><strong>Des frais :<\/strong> La gestion pilot\u00e9e est souvent associ\u00e9e \u00e0 des frais de gestion plus \u00e9lev\u00e9s que dans le cas d&#8217;une gestion libre. Cela peut impacter la rentabilit\u00e9 finale du plan d&#8217;\u00e9pargne retraite.<\/li>\n\n\n\n<li><strong>Manque de contr\u00f4le :<\/strong> En optant pour la gestion pilot\u00e9e, l&#8217;\u00e9pargnant renonce \u00e0 intervenir directement sur la r\u00e9partition de son \u00e9pargne. Il peut alors se sentir moins en contr\u00f4le de la constitution de son capital retraite.<\/li>\n\n\n\n<li><strong>La performance :<\/strong> Si la gestion pilot\u00e9e vise \u00e0 optimiser les rendements, elle ne garantit pas pour autant une performance sup\u00e9rieure \u00e0 celle d&#8217;une gestion libre r\u00e9alis\u00e9e par un \u00e9pargnant exp\u00e9riment\u00e9 et avis\u00e9.<\/li>\n<\/ul>\n\n\n\n<h2 class=\"wp-block-heading\">Comment souscrire \u00e0 la gestion pilot\u00e9e PER ?<\/h2>\n\n\n\n<p>Pour b\u00e9n\u00e9ficier de la gestion pilot\u00e9e dans le cadre de votre plan d&#8217;\u00e9pargne retraite, il vous suffit de choisir cette option au moment de l&#8217;ouverture du PER aupr\u00e8s de l&#8217;institution financi\u00e8re ou de l&#8217;assurance correspondante. Par la suite, vous devrez s\u00e9lectionner le profil de risque qui vous convient le mieux en fonction de vos objectifs et de votre tol\u00e9rance aux risques.<\/p>\n\n\n\n<p>Il est \u00e9galement possible de passer d&#8217;une gestion libre \u00e0 une gestion pilot\u00e9e (ou inversement) ult\u00e9rieurement. Pour ce faire, il faudra g\u00e9n\u00e9ralement contacter le prestataire du PER afin qu&#8217;il proc\u00e8de au changement de mode de gestion.<\/p>\n\n\n\n<p>La <strong>gestion pilot\u00e9e PER<\/strong> offre une alternative int\u00e9ressante pour les \u00e9pargnants souhaitant confier la gestion de leur \u00e9pargne retraite \u00e0 des experts tout en b\u00e9n\u00e9ficiant d&#8217;une approche adapt\u00e9e \u00e0 leur profil de risque et \u00e0 leur horizon d&#8217;investissement. N\u00e9anmoins, il est important de bien comprendre ses avantages et limites avant de s&#8217;y engager.<\/p>\n","protected":false},"excerpt":{"rendered":"<p>Le plan d&#8217;\u00e9pargne retraite, commun\u00e9ment appel\u00e9 PER, est un dispositif qui permet aux \u00e9pargnants de se constituer une \u00e9pargne en vue de leur retraite. Ainsi, avec cette solution, les individus ont un acc\u00e8s \u00e0 des fonds pour compl\u00e9ter leurs revenus lorsqu&#8217;ils seront \u00e0 la retraite. La gestion pilot\u00e9e est l&#8217;un des modes de gestion qui &#8230; <a title=\"Gestion pilot\u00e9e PER : tout ce qu&#8217;il faut savoir\" class=\"read-more\" href=\"https:\/\/www.feodus-finance.fr\/defiscalisation\/gestion-pilotee-per\/\" aria-label=\"En savoir plus sur Gestion pilot\u00e9e PER : tout ce qu&#8217;il faut savoir\">Lire plus<\/a><\/p>\n","protected":false},"author":3,"featured_media":0,"parent":2195,"menu_order":0,"comment_status":"closed","ping_status":"closed","template":"","meta":{"footnotes":""},"class_list":["post-2568","page","type-page","status-publish"],"yoast_head":"<!-- This site is optimized with the Yoast SEO plugin v24.6 - https:\/\/yoast.com\/wordpress\/plugins\/seo\/ -->\n<title>Gestion pilot\u00e9e PER : tout ce qu&#039;il faut savoir<\/title>\n<meta name=\"description\" content=\"Les individus ont un acc\u00e8s \u00e0 des fonds pour compl\u00e9ter leurs revenus lorsqu&#039;ils seront \u00e0 la retraite. La gestion pilot\u00e9e est l&#039;un des modes de gestion qui s&#039;offre aux d\u00e9tenteurs d&#039;un PER.\" \/>\n<meta name=\"robots\" content=\"index, follow, max-snippet:-1, max-image-preview:large, max-video-preview:-1\" \/>\n<link rel=\"canonical\" href=\"https:\/\/www.feodus-finance.fr\/defiscalisation\/gestion-pilotee-per\/\" \/>\n<meta property=\"og:locale\" content=\"fr_FR\" \/>\n<meta property=\"og:type\" content=\"article\" \/>\n<meta property=\"og:title\" content=\"Gestion pilot\u00e9e PER : tout ce qu&#039;il faut savoir\" \/>\n<meta property=\"og:description\" content=\"Les individus ont un acc\u00e8s \u00e0 des fonds pour compl\u00e9ter leurs revenus lorsqu&#039;ils seront \u00e0 la retraite. La gestion pilot\u00e9e est l&#039;un des modes de gestion qui s&#039;offre aux d\u00e9tenteurs d&#039;un PER.\" \/>\n<meta property=\"og:url\" content=\"https:\/\/www.feodus-finance.fr\/defiscalisation\/gestion-pilotee-per\/\" \/>\n<meta property=\"og:site_name\" content=\"Feodus\" \/>\n<meta property=\"article:modified_time\" content=\"2023-12-08T10:17:09+00:00\" \/>\n<meta name=\"twitter:card\" content=\"summary_large_image\" \/>\n<!-- \/ Yoast SEO plugin. -->","yoast_head_json":{"title":"Gestion pilot\u00e9e PER : tout ce qu'il faut savoir","description":"Les individus ont un acc\u00e8s \u00e0 des fonds pour compl\u00e9ter leurs revenus lorsqu'ils seront \u00e0 la retraite. La gestion pilot\u00e9e est l'un des modes de gestion qui s'offre aux d\u00e9tenteurs d'un PER.","robots":{"index":"index","follow":"follow","max-snippet":"max-snippet:-1","max-image-preview":"max-image-preview:large","max-video-preview":"max-video-preview:-1"},"canonical":"https:\/\/www.feodus-finance.fr\/defiscalisation\/gestion-pilotee-per\/","og_locale":"fr_FR","og_type":"article","og_title":"Gestion pilot\u00e9e PER : tout ce qu'il faut savoir","og_description":"Les individus ont un acc\u00e8s \u00e0 des fonds pour compl\u00e9ter leurs revenus lorsqu'ils seront \u00e0 la retraite. La gestion pilot\u00e9e est l'un des modes de gestion qui s'offre aux d\u00e9tenteurs d'un PER.","og_url":"https:\/\/www.feodus-finance.fr\/defiscalisation\/gestion-pilotee-per\/","og_site_name":"Feodus","article_modified_time":"2023-12-08T10:17:09+00:00","twitter_card":"summary_large_image","schema":{"@context":"https:\/\/schema.org","@graph":[{"@type":"WebPage","@id":"https:\/\/www.feodus-finance.fr\/defiscalisation\/gestion-pilotee-per\/","url":"https:\/\/www.feodus-finance.fr\/defiscalisation\/gestion-pilotee-per\/","name":"Gestion pilot\u00e9e PER : tout ce qu'il faut savoir","isPartOf":{"@id":"https:\/\/www.feodus-finance.fr\/defiscalisation\/#website"},"datePublished":"2023-12-08T10:04:36+00:00","dateModified":"2023-12-08T10:17:09+00:00","description":"Les individus ont un acc\u00e8s \u00e0 des fonds pour compl\u00e9ter leurs revenus lorsqu'ils seront \u00e0 la retraite. La gestion pilot\u00e9e est l'un des modes de gestion qui s'offre aux d\u00e9tenteurs d'un PER.","breadcrumb":{"@id":"https:\/\/www.feodus-finance.fr\/defiscalisation\/gestion-pilotee-per\/#breadcrumb"},"inLanguage":"fr-FR","potentialAction":[{"@type":"ReadAction","target":["https:\/\/www.feodus-finance.fr\/defiscalisation\/gestion-pilotee-per\/"]}]},{"@type":"BreadcrumbList","@id":"https:\/\/www.feodus-finance.fr\/defiscalisation\/gestion-pilotee-per\/#breadcrumb","itemListElement":[{"@type":"ListItem","position":1,"name":"Accueil","item":"https:\/\/www.feodus-finance.fr\/defiscalisation\/"},{"@type":"ListItem","position":2,"name":"\u00c9pargne salariale","item":"https:\/\/www.feodus-finance.fr\/defiscalisation\/epargne-salariale\/"},{"@type":"ListItem","position":3,"name":"Plan d&#8217;\u00e9pargne retraite (PER)","item":"https:\/\/www.feodus-finance.fr\/defiscalisation\/plan-epargne-retraite-per\/"},{"@type":"ListItem","position":4,"name":"Gestion pilot\u00e9e PER : tout ce qu&#8217;il faut savoir"}]},{"@type":"WebSite","@id":"https:\/\/www.feodus-finance.fr\/defiscalisation\/#website","url":"https:\/\/www.feodus-finance.fr\/defiscalisation\/","name":"Feodus","description":"","publisher":{"@id":"https:\/\/www.feodus-finance.fr\/defiscalisation\/#organization"},"potentialAction":[{"@type":"SearchAction","target":{"@type":"EntryPoint","urlTemplate":"https:\/\/www.feodus-finance.fr\/defiscalisation\/?s={search_term_string}"},"query-input":{"@type":"PropertyValueSpecification","valueRequired":true,"valueName":"search_term_string"}}],"inLanguage":"fr-FR"},{"@type":"Organization","@id":"https:\/\/www.feodus-finance.fr\/defiscalisation\/#organization","name":"Feodus","url":"https:\/\/www.feodus-finance.fr\/defiscalisation\/","logo":{"@type":"ImageObject","inLanguage":"fr-FR","@id":"https:\/\/www.feodus-finance.fr\/defiscalisation\/#\/schema\/logo\/image\/","url":"https:\/\/www.feodus-finance.fr\/defiscalisation\/wp-content\/uploads\/2023\/11\/cropped-logo-footer.jpg","contentUrl":"https:\/\/www.feodus-finance.fr\/defiscalisation\/wp-content\/uploads\/2023\/11\/cropped-logo-footer.jpg","width":249,"height":73,"caption":"Feodus"},"image":{"@id":"https:\/\/www.feodus-finance.fr\/defiscalisation\/#\/schema\/logo\/image\/"}}]}},"_links":{"self":[{"href":"https:\/\/www.feodus-finance.fr\/defiscalisation\/wp-json\/wp\/v2\/pages\/2568","targetHints":{"allow":["GET"]}}],"collection":[{"href":"https:\/\/www.feodus-finance.fr\/defiscalisation\/wp-json\/wp\/v2\/pages"}],"about":[{"href":"https:\/\/www.feodus-finance.fr\/defiscalisation\/wp-json\/wp\/v2\/types\/page"}],"author":[{"embeddable":true,"href":"https:\/\/www.feodus-finance.fr\/defiscalisation\/wp-json\/wp\/v2\/users\/3"}],"replies":[{"embeddable":true,"href":"https:\/\/www.feodus-finance.fr\/defiscalisation\/wp-json\/wp\/v2\/comments?post=2568"}],"version-history":[{"count":2,"href":"https:\/\/www.feodus-finance.fr\/defiscalisation\/wp-json\/wp\/v2\/pages\/2568\/revisions"}],"predecessor-version":[{"id":2599,"href":"https:\/\/www.feodus-finance.fr\/defiscalisation\/wp-json\/wp\/v2\/pages\/2568\/revisions\/2599"}],"up":[{"embeddable":true,"href":"https:\/\/www.feodus-finance.fr\/defiscalisation\/wp-json\/wp\/v2\/pages\/2195"}],"wp:attachment":[{"href":"https:\/\/www.feodus-finance.fr\/defiscalisation\/wp-json\/wp\/v2\/media?parent=2568"}],"curies":[{"name":"wp","href":"https:\/\/api.w.org\/{rel}","templated":true}]}}