{"id":2929,"date":"2023-11-07T18:24:14","date_gmt":"2023-11-07T17:24:14","guid":{"rendered":"https:\/\/www.feodus-finance.fr\/defiscalisation\/?page_id=2929"},"modified":"2024-02-11T18:27:42","modified_gmt":"2024-02-11T17:27:42","slug":"succession-organisation","status":"publish","type":"page","link":"https:\/\/www.feodus-finance.fr\/defiscalisation\/succession-organisation\/","title":{"rendered":"Succession : comment l&#8217;organiser ?"},"content":{"rendered":"\n<div style=\"height:44px\" aria-hidden=\"true\" class=\"wp-block-spacer\"><\/div>\n\n\n\n<p class=\"has-medium-font-size\">Vous souhaitez qu&#8217;apr\u00e8s votre d\u00e9c\u00e8s les biens de votre patrimoine soient g\u00e9r\u00e9s selon vos volont\u00e9s ?<\/p>\n\n\n\n<p class=\"has-medium-font-size\">Pour ce faire vous devez d&#8217;abord d\u00e9terminer la <strong>valeur de votre succession<\/strong>. <\/p>\n\n\n\n<p class=\"has-medium-font-size\">Une fois cette valorisation effectu\u00e9e, vous devrez d\u00e9cider <strong>\u00e0 qui transmettre vos biens<\/strong>, de votre vivant ou \u00e0 votre d\u00e9c\u00e8s, le tout en respectant les r\u00e8gles de succession.<\/p>\n\n\n\n<div style=\"height:37px\" aria-hidden=\"true\" class=\"wp-block-spacer\"><\/div>\n\n\n\n<h2 class=\"wp-block-heading\">Evaluation de votre future succession<\/h2>\n\n\n\n<p><strong>Valorisation des biens en votre possession :<\/strong><\/p>\n\n\n\n<ol class=\"wp-block-list\"><\/ol>\n\n\n\n<p>Ils constitueront\u00a0l&#8217;<strong>actif brut successoral <\/strong>entrant dans la succession apr\u00e8s votre d\u00e9c\u00e8s.<\/p>\n\n\n\n<p class=\"has-base-3-color has-accent-background-color has-text-color has-background has-link-color wp-elements-88e04c8d8c26096ddf471fb7e9b37c5b\"><em>Actif brut successoral :  valeur totale des biens de la succession (actif brut) dont on retranche les dettes du d\u00e9funt pour obtenir l&#8217;actif net<\/em>.<\/p>\n\n\n\n<p><strong>Seront int\u00e9gr\u00e9s dans ce calcul les \u00e9l\u00e9ments suivants :<\/strong><\/p>\n\n\n\n<ul class=\"wp-block-list\">\n<li>Biens immobiliers<\/li>\n\n\n\n<li>Objets mobiliers, bijoux et v\u00e9hicules<\/li>\n<\/ul>\n\n\n\n<ul class=\"wp-block-list\">\n<li>Comptes bancaires\u00a0sur lesquels vous disposez des droits<\/li>\n\n\n\n<li>Livrets d&#8217;\u00e9pargne\u00a0\u00e0 votre nom<\/li>\n\n\n\n<li>Placements boursiers,\u00a0plan d&#8217;\u00e9pargne entreprise (PEE)<\/li>\n\n\n\n<li>Autres\u00a0<em>cr\u00e9ances:<\/em><\/li>\n\n\n\n<li>Valeur du\u00a0plan d&#8217;\u00e9pargne retraite collective (Perco)\u00a0si vous travaillez toujours<\/li>\n<\/ul>\n\n\n\n<p class=\"has-base-3-color has-accent-background-color has-text-color has-background has-link-color wp-elements-23820468539dced856bbcd02631ba21f\"><em>Cr\u00e9ances : droit permettant \u00e0 une personne d&#8217;exiger quelque chose d&#8217;une autre personne, en g\u00e9n\u00e9ral le paiement d&#8217;une somme d&#8217;argent. Terme souvent utilis\u00e9 pour d\u00e9signer la somme due.<\/em><\/p>\n\n\n\n<p><strong>Seront exclus de ce calcul les \u00e9l\u00e9ments suivants\u00a0:<\/strong><\/p>\n\n\n\n<ul class=\"wp-block-list\">\n<li>Sommes inscrites sur un\u00a0contrat d&#8217;assurance-vie<\/li>\n\n\n\n<li>Capital d\u00e9c\u00e8s vers\u00e9 \u00e0 mes ayants droit si vous \u00eates\u00a0salari\u00e9 du secteur priv\u00e9\u00a0ou\u00a0fonctionnaire<\/li>\n\n\n\n<li>Immeubles soumis \u00e0\u00a0tontine<\/li>\n\n\n\n<li>Immeubles pour lesquels vous ne disposez que d&#8217;un\u00a0usufruit\u00a0intransmissible (logements vendus en\u00a0viager\u00a0ou occup\u00e9s\u00a0par un veuf ou une veuve, notamment)<\/li>\n<\/ul>\n\n\n\n<p><strong>Vous pouvez d\u00e9duire les dettes dont vous \u00eates seul responsable et dont le remboursement par une compagnie d&#8217;assurance n&#8217;est pas garanti en cas de d\u00e9c\u00e8s. <\/strong><\/p>\n\n\n\n<p><strong>Peuvent par cons\u00e9quent \u00eatre d\u00e9duits de l&#8217;actif de la succession les \u00e9l\u00e9ments suivants\u00a0:<\/strong><\/p>\n\n\n\n<ul class=\"wp-block-list\">\n<li>Cr\u00e9dit \u00e0 la consommation<\/li>\n\n\n\n<li>Pr\u00eat sur gage<\/li>\n\n\n\n<li>Pr\u00eat viager hypoth\u00e9caire<\/li>\n\n\n\n<li>Pr\u00eat conclu avec un particulier<\/li>\n<\/ul>\n\n\n\n<p>Vous pouvez \u00e9galement d\u00e9duire les\u00a0frais de vos obs\u00e8ques.<\/p>\n\n\n\n<p class=\"has-base-2-background-color has-background\">In fine vous obtenez la <strong>valeur pr\u00e9visible de\u00a0l&#8217;actif net successoral.<\/strong><\/p>\n\n\n\n<div style=\"height:46px\" aria-hidden=\"true\" class=\"wp-block-spacer\"><\/div>\n\n\n\n<h2 class=\"wp-block-heading\">Pr\u00e9vision du partage<\/h2>\n\n\n\n<p>Vous pouvez d\u00e9cider dans\u00a0un<strong> testament<\/strong> \u00e0 qui vos biens seront transmis au moment de votre d\u00e9c\u00e8s.<\/p>\n\n\n\n<p>Vous pouvez aussi transmettre <strong>de votre vivant<\/strong> les biens de votre patrimoine \u00e0 la personne de votre choix en faisant\u00a0une <strong>donation<\/strong>.<\/p>\n\n\n\n<p class=\"has-base-background-color has-background has-medium-font-size\"><strong>Le testament<\/strong><\/p>\n\n\n\n<p>Vous d\u00e9terminez la part de&nbsp;<strong>l&#8217;actif net successoral que vous pouvez transmettre librement.<\/strong><\/p>\n\n\n\n<p>Les r\u00e8gles sont diff\u00e9rentes\u00a0en pr\u00e9sence\u00a0ou\u00a0en l&#8217;absence de descendants\u00a0(enfants, petits-enfants&#8230;).<\/p>\n\n\n\n<p class=\"has-base-2-background-color has-background has-medium-font-size\"><strong>En pr\u00e9sence d&#8217;enfant(s) et\/ou de petit(s)-enfant(s)<\/strong><\/p>\n\n\n\n<ul class=\"wp-block-list\"><\/ul>\n\n\n\n<p>La part d&#8217;h\u00e9ritage r\u00e9serv\u00e9e aux enfants est la suivante :<\/p>\n\n\n\n<ul class=\"wp-block-list\">\n<li>La moiti\u00e9 des biens s&#8217;il y a 1 enfant<\/li>\n\n\n\n<li>Les 2\/3 des biens s&#8217;il y a 2 enfants<\/li>\n\n\n\n<li>Les 3\/4 des biens s&#8217;il y a 3 enfants et plus<\/li>\n<\/ul>\n\n\n\n<p>Un petit-enfant h\u00e9ritera \u00e0 la place de ses parents, dans les 3 cas suivants&nbsp;:<\/p>\n\n\n\n<ul class=\"wp-block-list\">\n<li>Son\u00a0parent\u00a0est d\u00e9c\u00e9d\u00e9<\/li>\n\n\n\n<li>Son parent renonce \u00e0 la succession de son propre parent<\/li>\n\n\n\n<li>Son parent est\u00a0indigne de succ\u00e9der<\/li>\n<\/ul>\n\n\n\n<p>La part de votre succession que vous pouvez attribuer librement, appel\u00e9e\u00a0<strong>quotit\u00e9 disponible<\/strong>, d\u00e9pend donc du nombre d&#8217;enfants.<\/p>\n\n\n\n<p><strong>Illustration :<\/strong><\/p>\n\n\n\n<p>Vous avez un patrimoine de\u00a0<strong>200 000\u00a0\u20ac<\/strong>\u00a0et 3 enfants. Vos enfants se partageront\u00a0<strong>75\u00a0%<\/strong>\u00a0de ce patrimoine, soit\u00a0<strong>150 000\u00a0\u20ac<\/strong>\u00a0\u00e0 parts \u00e9gales. <\/p>\n\n\n\n<p>Chaque enfant recevra donc\u00a0<strong>50 000\u00a0\u20ac<\/strong>. Vous pouvez attribuer les\u00a0<strong>25\u00a0%<\/strong>\u00a0restants, soit\u00a0<strong>50 000\u00a0\u20ac<\/strong>,\u00a0aux personnes de votre choix (h\u00e9ritiers ou tiers).<\/p>\n\n\n\n<p class=\"has-base-2-background-color has-background has-medium-font-size\"><strong>En l&#8217;absence d&#8217;enfant<\/strong><\/p>\n\n\n\n<p>Vous pouvez attribuer librement votre succession sauf si je vous \u00eates mari\u00e9(\u00e9e). Dans ce cas, vous devez r\u00e9server 1\/4 des biens de votre patrimoine \u00e0 votre \u00e9poux(se).<\/p>\n\n\n\n<p class=\"has-base-background-color has-background has-medium-font-size\"><strong>La donation<\/strong><\/p>\n\n\n\n<p>Vous d\u00e9terminez la part de\u00a0<strong>l&#8217;actif net successoral que vous pouvez transmettre librement.<\/strong><\/p>\n\n\n\n<p>Les r\u00e8gles sont diff\u00e9rentes\u00a0en pr\u00e9sence\u00a0ou\u00a0en l&#8217;absence de descendants\u00a0(enfants, petits-enfants&#8230;).<\/p>\n\n\n\n<p class=\"has-base-2-background-color has-background has-medium-font-size\"><strong>En pr\u00e9sence d&#8217;enfant(s)<\/strong><\/p>\n\n\n\n<figure class=\"wp-block-table\"><table class=\"has-base-3-color has-accent-background-color has-text-color has-background has-link-color\"><thead><tr><th class=\"has-text-align-center\" data-align=\"center\">Nombre d&#8217;enfants<\/th><th class=\"has-text-align-center\" data-align=\"center\">Quotit\u00e9 disponible<\/th><\/tr><\/thead><tbody><tr><td class=\"has-text-align-center\" data-align=\"center\">1<\/td><td class=\"has-text-align-center\" data-align=\"center\">1\/2<\/td><\/tr><tr><td class=\"has-text-align-center\" data-align=\"center\">2<\/td><td class=\"has-text-align-center\" data-align=\"center\">1\/3<\/td><\/tr><tr><td class=\"has-text-align-center\" data-align=\"center\">3 ou plus<\/td><td class=\"has-text-align-center\" data-align=\"center\">1\/4<\/td><\/tr><\/tbody><\/table><\/figure>\n\n\n\n<p><strong>L&#8217;h\u00e9ritier r\u00e9servataire<\/strong> peut renoncer par avance \u00e0 contester une donation qui lui priverait de sa part d&#8217;h\u00e9ritage. Il doit exprimer cette volont\u00e9 dans un<strong>\u00a0pacte successoral.<\/strong><\/p>\n\n\n\n<p class=\"has-base-2-background-color has-background has-medium-font-size\"><strong>En l&#8217;absence d&#8217;enfant<\/strong><\/p>\n\n\n\n<figure class=\"wp-block-table\"><table class=\"has-base-3-color has-accent-background-color has-text-color has-background has-link-color\"><thead><tr><th class=\"has-text-align-center\" data-align=\"center\">Situation maritale<\/th><th class=\"has-text-align-center\" data-align=\"center\">Quotit\u00e9 disponible<\/th><\/tr><\/thead><tbody><tr><td class=\"has-text-align-center\" data-align=\"center\">Mari\u00e9<\/td><td class=\"has-text-align-center\" data-align=\"center\">3\/4<\/td><\/tr><tr><td class=\"has-text-align-center\" data-align=\"center\">Non mari\u00e9<\/td><td class=\"has-text-align-center\" data-align=\"center\">Tout<\/td><\/tr><\/tbody><\/table><figcaption class=\"wp-element-caption\">Si vous \u00eates mari\u00e9, le 1\/4 revient \u00e0 votre \u00e9poux ou \u00e9pouse.<br><br><strong>L&#8217;h\u00e9ritier r\u00e9servataire<\/strong> peut renoncer par avance \u00e0 contester une donation qui lui priverait de sa part d&#8217;h\u00e9ritage. Il doit exprimer cette volont\u00e9 dans un<strong>\u00a0pacte successoral.<\/strong><\/figcaption><\/figure>\n\n\n\n<div style=\"height:47px\" aria-hidden=\"true\" class=\"wp-block-spacer\"><\/div>\n\n\n\n<h2 class=\"wp-block-heading\">Evaluation de la fiscalit\u00e9 de votre futur h\u00e9ritage<\/h2>\n\n\n\n<p>La fiscalit\u00e9 de votre succession d\u00e9pend de la valeur et de la nature des biens constituant\u00a0<strong>l&#8217;actif successoral.<\/strong><\/p>\n\n\n\n<p>Elle d\u00e9pend aussi des liens qui vous unissent \u00e0 vos h\u00e9ritiers.<\/p>\n\n\n\n<p>Les \u00e9l\u00e9ments suivants doivent par cons\u00e9quent \u00eatre anticip\u00e9s et analys\u00e9s :<\/p>\n\n\n\n<ul class=\"wp-block-list\">\n<li>Exon\u00e9rations et r\u00e9ductions de droits de succession<\/li>\n\n\n\n<li>Abattements pour le calcul des droits de succession<\/li>\n\n\n\n<li>Droits de succession restant dus apr\u00e8s abattements, exon\u00e9rations et r\u00e9ductions<\/li>\n\n\n\n<li>Abattements pour le calcul des droits de donation<\/li>\n<\/ul>\n","protected":false},"excerpt":{"rendered":"<p>Vous souhaitez qu&#8217;apr\u00e8s votre d\u00e9c\u00e8s les biens de votre patrimoine soient g\u00e9r\u00e9s selon vos volont\u00e9s ? Pour ce faire vous devez d&#8217;abord d\u00e9terminer la valeur de votre succession. Une fois cette valorisation effectu\u00e9e, vous devrez d\u00e9cider \u00e0 qui transmettre vos biens, de votre vivant ou \u00e0 votre d\u00e9c\u00e8s, le tout en respectant les r\u00e8gles de &#8230; <a title=\"Succession : comment l&#8217;organiser ?\" class=\"read-more\" href=\"https:\/\/www.feodus-finance.fr\/defiscalisation\/succession-organisation\/\" aria-label=\"En savoir plus sur Succession : comment l&#8217;organiser ?\">Lire plus<\/a><\/p>\n","protected":false},"author":2,"featured_media":1731,"parent":0,"menu_order":0,"comment_status":"closed","ping_status":"closed","template":"","meta":{"footnotes":""},"class_list":["post-2929","page","type-page","status-publish","has-post-thumbnail"],"yoast_head":"<!-- This site is optimized with the Yoast SEO plugin v24.6 - https:\/\/yoast.com\/wordpress\/plugins\/seo\/ -->\n<title>Succession : comment l&#039;organiser ? - Feodus<\/title>\n<meta name=\"description\" content=\"organiser sa succession\" \/>\n<meta name=\"robots\" content=\"index, follow, max-snippet:-1, max-image-preview:large, max-video-preview:-1\" \/>\n<link rel=\"canonical\" href=\"https:\/\/www.feodus-finance.fr\/defiscalisation\/succession-organisation\/\" \/>\n<meta property=\"og:locale\" content=\"fr_FR\" \/>\n<meta property=\"og:type\" content=\"article\" \/>\n<meta property=\"og:title\" content=\"Succession : comment l&#039;organiser ? - Feodus\" \/>\n<meta property=\"og:description\" content=\"organiser sa succession\" \/>\n<meta property=\"og:url\" content=\"https:\/\/www.feodus-finance.fr\/defiscalisation\/succession-organisation\/\" \/>\n<meta property=\"og:site_name\" content=\"Feodus\" \/>\n<meta property=\"article:modified_time\" content=\"2024-02-11T17:27:42+00:00\" \/>\n<meta property=\"og:image\" content=\"https:\/\/www.feodus-finance.fr\/defiscalisation\/wp-content\/uploads\/2023\/11\/33731.jpeg\" \/>\n\t<meta property=\"og:image:width\" content=\"920\" \/>\n\t<meta property=\"og:image:height\" content=\"613\" \/>\n\t<meta property=\"og:image:type\" content=\"image\/jpeg\" \/>\n<meta name=\"twitter:card\" content=\"summary_large_image\" \/>\n<!-- \/ Yoast SEO plugin. -->","yoast_head_json":{"title":"Succession : comment l'organiser ? - Feodus","description":"organiser sa succession","robots":{"index":"index","follow":"follow","max-snippet":"max-snippet:-1","max-image-preview":"max-image-preview:large","max-video-preview":"max-video-preview:-1"},"canonical":"https:\/\/www.feodus-finance.fr\/defiscalisation\/succession-organisation\/","og_locale":"fr_FR","og_type":"article","og_title":"Succession : comment l'organiser ? - Feodus","og_description":"organiser sa succession","og_url":"https:\/\/www.feodus-finance.fr\/defiscalisation\/succession-organisation\/","og_site_name":"Feodus","article_modified_time":"2024-02-11T17:27:42+00:00","og_image":[{"width":920,"height":613,"url":"https:\/\/www.feodus-finance.fr\/defiscalisation\/wp-content\/uploads\/2023\/11\/33731.jpeg","type":"image\/jpeg"}],"twitter_card":"summary_large_image","schema":{"@context":"https:\/\/schema.org","@graph":[{"@type":"WebPage","@id":"https:\/\/www.feodus-finance.fr\/defiscalisation\/succession-organisation\/","url":"https:\/\/www.feodus-finance.fr\/defiscalisation\/succession-organisation\/","name":"Succession : comment l'organiser ? - Feodus","isPartOf":{"@id":"https:\/\/www.feodus-finance.fr\/defiscalisation\/#website"},"primaryImageOfPage":{"@id":"https:\/\/www.feodus-finance.fr\/defiscalisation\/succession-organisation\/#primaryimage"},"image":{"@id":"https:\/\/www.feodus-finance.fr\/defiscalisation\/succession-organisation\/#primaryimage"},"thumbnailUrl":"https:\/\/www.feodus-finance.fr\/defiscalisation\/wp-content\/uploads\/2023\/11\/33731.jpeg","datePublished":"2023-11-07T17:24:14+00:00","dateModified":"2024-02-11T17:27:42+00:00","description":"organiser sa succession","breadcrumb":{"@id":"https:\/\/www.feodus-finance.fr\/defiscalisation\/succession-organisation\/#breadcrumb"},"inLanguage":"fr-FR","potentialAction":[{"@type":"ReadAction","target":["https:\/\/www.feodus-finance.fr\/defiscalisation\/succession-organisation\/"]}]},{"@type":"ImageObject","inLanguage":"fr-FR","@id":"https:\/\/www.feodus-finance.fr\/defiscalisation\/succession-organisation\/#primaryimage","url":"https:\/\/www.feodus-finance.fr\/defiscalisation\/wp-content\/uploads\/2023\/11\/33731.jpeg","contentUrl":"https:\/\/www.feodus-finance.fr\/defiscalisation\/wp-content\/uploads\/2023\/11\/33731.jpeg","width":920,"height":613,"caption":"SCM"},{"@type":"BreadcrumbList","@id":"https:\/\/www.feodus-finance.fr\/defiscalisation\/succession-organisation\/#breadcrumb","itemListElement":[{"@type":"ListItem","position":1,"name":"Accueil","item":"https:\/\/www.feodus-finance.fr\/defiscalisation\/"},{"@type":"ListItem","position":2,"name":"Succession : comment l&#8217;organiser ?"}]},{"@type":"WebSite","@id":"https:\/\/www.feodus-finance.fr\/defiscalisation\/#website","url":"https:\/\/www.feodus-finance.fr\/defiscalisation\/","name":"Feodus","description":"","publisher":{"@id":"https:\/\/www.feodus-finance.fr\/defiscalisation\/#organization"},"potentialAction":[{"@type":"SearchAction","target":{"@type":"EntryPoint","urlTemplate":"https:\/\/www.feodus-finance.fr\/defiscalisation\/?s={search_term_string}"},"query-input":{"@type":"PropertyValueSpecification","valueRequired":true,"valueName":"search_term_string"}}],"inLanguage":"fr-FR"},{"@type":"Organization","@id":"https:\/\/www.feodus-finance.fr\/defiscalisation\/#organization","name":"Feodus","url":"https:\/\/www.feodus-finance.fr\/defiscalisation\/","logo":{"@type":"ImageObject","inLanguage":"fr-FR","@id":"https:\/\/www.feodus-finance.fr\/defiscalisation\/#\/schema\/logo\/image\/","url":"https:\/\/www.feodus-finance.fr\/defiscalisation\/wp-content\/uploads\/2023\/11\/cropped-logo-footer.jpg","contentUrl":"https:\/\/www.feodus-finance.fr\/defiscalisation\/wp-content\/uploads\/2023\/11\/cropped-logo-footer.jpg","width":249,"height":73,"caption":"Feodus"},"image":{"@id":"https:\/\/www.feodus-finance.fr\/defiscalisation\/#\/schema\/logo\/image\/"}}]}},"_links":{"self":[{"href":"https:\/\/www.feodus-finance.fr\/defiscalisation\/wp-json\/wp\/v2\/pages\/2929","targetHints":{"allow":["GET"]}}],"collection":[{"href":"https:\/\/www.feodus-finance.fr\/defiscalisation\/wp-json\/wp\/v2\/pages"}],"about":[{"href":"https:\/\/www.feodus-finance.fr\/defiscalisation\/wp-json\/wp\/v2\/types\/page"}],"author":[{"embeddable":true,"href":"https:\/\/www.feodus-finance.fr\/defiscalisation\/wp-json\/wp\/v2\/users\/2"}],"replies":[{"embeddable":true,"href":"https:\/\/www.feodus-finance.fr\/defiscalisation\/wp-json\/wp\/v2\/comments?post=2929"}],"version-history":[{"count":8,"href":"https:\/\/www.feodus-finance.fr\/defiscalisation\/wp-json\/wp\/v2\/pages\/2929\/revisions"}],"predecessor-version":[{"id":2937,"href":"https:\/\/www.feodus-finance.fr\/defiscalisation\/wp-json\/wp\/v2\/pages\/2929\/revisions\/2937"}],"wp:featuredmedia":[{"embeddable":true,"href":"https:\/\/www.feodus-finance.fr\/defiscalisation\/wp-json\/wp\/v2\/media\/1731"}],"wp:attachment":[{"href":"https:\/\/www.feodus-finance.fr\/defiscalisation\/wp-json\/wp\/v2\/media?parent=2929"}],"curies":[{"name":"wp","href":"https:\/\/api.w.org\/{rel}","templated":true}]}}