{"id":2942,"date":"2023-09-14T18:10:00","date_gmt":"2023-09-14T16:10:00","guid":{"rendered":"https:\/\/www.feodus-finance.fr\/defiscalisation\/?page_id=2942"},"modified":"2024-02-14T18:12:12","modified_gmt":"2024-02-14T17:12:12","slug":"retraite-caisses-retraite","status":"publish","type":"page","link":"https:\/\/www.feodus-finance.fr\/defiscalisation\/retraite-caisses-retraite\/","title":{"rendered":"Retraite : comment conna\u00eetre ses caisses de retraite ?"},"content":{"rendered":"\n<div style=\"height:46px\" aria-hidden=\"true\" class=\"wp-block-spacer\"><\/div>\n\n\n\n<p>Selon votre&nbsp;<strong>profession<\/strong>&nbsp;ou votre&nbsp;<strong>statut<\/strong>&nbsp;(commer\u00e7ant, agriculteur, pharmacien, salari\u00e9 dans le secteur priv\u00e9, fonctionnaire, etc.), vous&nbsp;<strong>cotisez<\/strong>&nbsp;\u00e0 des caisses de retraite diff\u00e9rentes, appel\u00e9es \u00e9galement&nbsp;<em>r\u00e9gimes de retraite<\/em>.<\/p>\n\n\n\n<p>G\u00e9n\u00e9ralement, vous cotisez \u00e0 une caisse de retraite&nbsp;<strong>de base<\/strong>&nbsp;et \u00e0 une caisse de retraite&nbsp;<strong>compl\u00e9mentaire<\/strong>.<\/p>\n\n\n\n<p>Ces cotisations sont&nbsp;<strong>obligatoires<\/strong>&nbsp;et vous donnent&nbsp;<strong>droit \u00e0 des pensions de retraite<\/strong>.<\/p>\n\n\n\n<p>Vous pouvez retrouver la liste des caisses de retraite auxquelles vous avez cotis\u00e9 au cours de votre carri\u00e8re et leurs coordonn\u00e9es, \u00e0 l&#8217;aide du service ci-dessous\u00a0:<\/p>\n\n\n\n<p class=\"has-contrast-color has-base-background-color has-text-color has-background has-link-color wp-elements-cc83448ebc124c2fb457801caa54f8eb\"><strong>Groupement d&#8217;int\u00e9r\u00eat public &#8220;Union retraite&#8221;<\/strong><\/p>\n\n\n\n<p>Ce service vous permet de retrouvez rapidement la liste de vos caisses de retraite et leurs coordonn\u00e9es.<\/p>\n\n\n\n<p class=\"has-accent-color has-base-2-background-color has-text-color has-background has-link-color has-medium-font-size wp-elements-2fc0e5ca76e7c2b799585b3703144ce4\"><strong>www.mesregimes.info-retraite.fr<\/strong><\/p>\n\n\n\n<p>Pour l&#8217;utiliser, vous devez indiquez votre nom et votre num\u00e9ro de s\u00e9curit\u00e9 sociale dans le formulaire s\u00e9curis\u00e9.<\/p>\n\n\n\n<hr class=\"wp-block-separator has-alpha-channel-opacity\"\/>\n\n\n\n<p><strong>En plus<\/strong>&nbsp;des caisses de retraite de base et compl\u00e9mentaires obligatoires, vous&nbsp;<strong>pouvez<\/strong>&nbsp;b\u00e9n\u00e9ficier de&nbsp;<strong>produits d\u2019\u00e9pargne retraite suppl\u00e9mentaires<\/strong>&nbsp;(individuel ou collectif).<\/p>\n\n\n\n<p>Vous en b\u00e9n\u00e9ficiez si vous, ou l&#8217;un de vos employeurs, avez cotis\u00e9, de fa\u00e7on facultative, aupr\u00e8s d&#8217;un ou plusieurs organismes de gestion de retraite suppl\u00e9mentaire.<\/p>\n\n\n\n<p>Vous pouvez retrouver les coordonn\u00e9es des organismes de gestion aupr\u00e8s desquels vous avez un contrat d&#8217;\u00e9pargne dans votre compte retraite sur le site officiel Info-retraite.<\/p>\n\n\n\n<p class=\"has-contrast-color has-base-background-color has-text-color has-background has-link-color wp-elements-cc83448ebc124c2fb457801caa54f8eb\"><strong>Groupement d&#8217;int\u00e9r\u00eat public &#8220;Union retraite&#8221;<\/strong><\/p>\n\n\n\n<p>Ce service vous permet,\u00a0<strong>quelle que soit votre situation professionnelle<\/strong>\u00a0(salari\u00e9, fonctionnaire, ind\u00e9pendant, ch\u00f4meur\u00a0&#8230;), d&#8217;ouvrir un compte personnel retraite. Ce compte vous permet d&#8217;acc\u00e9der, en toute s\u00e9curit\u00e9, \u00e0 des\u00a0<strong>informations et des services personnalis\u00e9s<\/strong>\u00a0: simulateurs d&#8217;\u00e2ge de d\u00e9part et de montant, correction de carri\u00e8re, demande de retraite, etc.<\/p>\n\n\n\n<p class=\"has-accent-color has-base-2-background-color has-text-color has-background has-link-color has-medium-font-size wp-elements-bcb86c0b3284f672ed43d3959b0e0c9b\"><strong>www.info-retraite.fr\/portail-services\/login<\/strong><\/p>\n\n\n\n<p><strong>Si vous \u00eates en activit\u00e9<\/strong>, votre compte retraite vous donne acc\u00e8s&nbsp;:<\/p>\n\n\n\n<ul class=\"wp-block-list\">\n<li>\u00c0 votre relev\u00e9 de carri\u00e8re dont vous pouvez demander la correction \u00e0 partir de 55&nbsp;ans<\/li>\n\n\n\n<li>Aux coordonn\u00e9es de vos caisses de retraite<\/li>\n\n\n\n<li>\u00c0 une brochure personnalis\u00e9e comportant les informations utiles sur vos droits \u00e0 la retraite selon votre parcours professionnel et votre situation personnelle<\/li>\n\n\n\n<li>Aux simulations et estimations retraite disponibles selon votre \u00e2ge<\/li>\n\n\n\n<li>\u00c0 un service d\u2019information vous permettant de savoir si vous b\u00e9n\u00e9ficiez de contrats \u00e9pargne retraite<\/li>\n<\/ul>\n\n\n\n<p>Vous pouvez aussi faire&nbsp;<strong>une demande unique de retraite en ligne pour toutes vos activit\u00e9s<\/strong>&nbsp;sur le service Demander ma retraite.<\/p>\n\n\n\n<p><strong>Si vous \u00eates retrait\u00e9<\/strong>, vous pouvez consulter les informations sur le paiement de votre retraite (historique de paiement, attestations de paiement, attestations fiscales) et acc\u00e9der \u00e0 la liste de vos contrats d\u2019\u00e9pargne retraite suppl\u00e9mentaire non sold\u00e9s.<\/p>\n\n\n\n<p><strong>Si vous \u00eates retrait\u00e9 \u00e0 l&#8217;\u00e9tranger<\/strong>, vous pouvez, avec le service&nbsp;<em>Ma retraite \u00e0 l&#8217;\u00e9tranger<\/em>&nbsp;sur votre compte retraite, recevoir et envoyer en ligne les documents indispensables au maintien du paiement de votre retraite.<\/p>\n","protected":false},"excerpt":{"rendered":"<p>Selon votre&nbsp;profession&nbsp;ou votre&nbsp;statut&nbsp;(commer\u00e7ant, agriculteur, pharmacien, salari\u00e9 dans le secteur priv\u00e9, fonctionnaire, etc.), vous&nbsp;cotisez&nbsp;\u00e0 des caisses de retraite diff\u00e9rentes, appel\u00e9es \u00e9galement&nbsp;r\u00e9gimes de retraite. G\u00e9n\u00e9ralement, vous cotisez \u00e0 une caisse de retraite&nbsp;de base&nbsp;et \u00e0 une caisse de retraite&nbsp;compl\u00e9mentaire. Ces cotisations sont&nbsp;obligatoires&nbsp;et vous donnent&nbsp;droit \u00e0 des pensions de retraite. Vous pouvez retrouver la liste des caisses de retraite &#8230; <a title=\"Retraite : comment conna\u00eetre ses caisses de retraite ?\" class=\"read-more\" href=\"https:\/\/www.feodus-finance.fr\/defiscalisation\/retraite-caisses-retraite\/\" aria-label=\"En savoir plus sur Retraite : comment conna\u00eetre ses caisses de retraite ?\">Lire plus<\/a><\/p>\n","protected":false},"author":3,"featured_media":2816,"parent":0,"menu_order":0,"comment_status":"closed","ping_status":"closed","template":"","meta":{"footnotes":""},"class_list":["post-2942","page","type-page","status-publish","has-post-thumbnail"],"yoast_head":"<!-- This site is optimized with the Yoast SEO plugin v24.6 - https:\/\/yoast.com\/wordpress\/plugins\/seo\/ -->\n<title>Retraite : comment conna\u00eetre ses caisses de retraite ? - Feodus<\/title>\n<meta name=\"description\" content=\"conna\u00eetre ses caisses de retraite\" \/>\n<meta name=\"robots\" content=\"index, follow, max-snippet:-1, max-image-preview:large, max-video-preview:-1\" \/>\n<link rel=\"canonical\" href=\"https:\/\/www.feodus-finance.fr\/defiscalisation\/retraite-caisses-retraite\/\" \/>\n<meta property=\"og:locale\" content=\"fr_FR\" \/>\n<meta property=\"og:type\" content=\"article\" \/>\n<meta property=\"og:title\" content=\"Retraite : comment conna\u00eetre ses caisses de retraite ? - Feodus\" \/>\n<meta property=\"og:description\" content=\"conna\u00eetre ses caisses de retraite\" \/>\n<meta property=\"og:url\" content=\"https:\/\/www.feodus-finance.fr\/defiscalisation\/retraite-caisses-retraite\/\" \/>\n<meta property=\"og:site_name\" content=\"Feodus\" \/>\n<meta property=\"article:modified_time\" content=\"2024-02-14T17:12:12+00:00\" \/>\n<meta property=\"og:image\" content=\"https:\/\/www.feodus-finance.fr\/defiscalisation\/wp-content\/uploads\/2024\/01\/choisir-fonds-de-pension.jpg\" \/>\n\t<meta property=\"og:image:width\" content=\"1920\" \/>\n\t<meta property=\"og:image:height\" content=\"1280\" \/>\n\t<meta property=\"og:image:type\" content=\"image\/jpeg\" \/>\n<meta name=\"twitter:card\" content=\"summary_large_image\" \/>\n<!-- \/ Yoast SEO plugin. -->","yoast_head_json":{"title":"Retraite : comment conna\u00eetre ses caisses de retraite ? - Feodus","description":"conna\u00eetre ses caisses de retraite","robots":{"index":"index","follow":"follow","max-snippet":"max-snippet:-1","max-image-preview":"max-image-preview:large","max-video-preview":"max-video-preview:-1"},"canonical":"https:\/\/www.feodus-finance.fr\/defiscalisation\/retraite-caisses-retraite\/","og_locale":"fr_FR","og_type":"article","og_title":"Retraite : comment conna\u00eetre ses caisses de retraite ? - Feodus","og_description":"conna\u00eetre ses caisses de retraite","og_url":"https:\/\/www.feodus-finance.fr\/defiscalisation\/retraite-caisses-retraite\/","og_site_name":"Feodus","article_modified_time":"2024-02-14T17:12:12+00:00","og_image":[{"width":1920,"height":1280,"url":"https:\/\/www.feodus-finance.fr\/defiscalisation\/wp-content\/uploads\/2024\/01\/choisir-fonds-de-pension.jpg","type":"image\/jpeg"}],"twitter_card":"summary_large_image","schema":{"@context":"https:\/\/schema.org","@graph":[{"@type":"WebPage","@id":"https:\/\/www.feodus-finance.fr\/defiscalisation\/retraite-caisses-retraite\/","url":"https:\/\/www.feodus-finance.fr\/defiscalisation\/retraite-caisses-retraite\/","name":"Retraite : comment conna\u00eetre ses caisses de retraite ? - Feodus","isPartOf":{"@id":"https:\/\/www.feodus-finance.fr\/defiscalisation\/#website"},"primaryImageOfPage":{"@id":"https:\/\/www.feodus-finance.fr\/defiscalisation\/retraite-caisses-retraite\/#primaryimage"},"image":{"@id":"https:\/\/www.feodus-finance.fr\/defiscalisation\/retraite-caisses-retraite\/#primaryimage"},"thumbnailUrl":"https:\/\/www.feodus-finance.fr\/defiscalisation\/wp-content\/uploads\/2024\/01\/choisir-fonds-de-pension.jpg","datePublished":"2023-09-14T16:10:00+00:00","dateModified":"2024-02-14T17:12:12+00:00","description":"conna\u00eetre ses caisses de retraite","breadcrumb":{"@id":"https:\/\/www.feodus-finance.fr\/defiscalisation\/retraite-caisses-retraite\/#breadcrumb"},"inLanguage":"fr-FR","potentialAction":[{"@type":"ReadAction","target":["https:\/\/www.feodus-finance.fr\/defiscalisation\/retraite-caisses-retraite\/"]}]},{"@type":"ImageObject","inLanguage":"fr-FR","@id":"https:\/\/www.feodus-finance.fr\/defiscalisation\/retraite-caisses-retraite\/#primaryimage","url":"https:\/\/www.feodus-finance.fr\/defiscalisation\/wp-content\/uploads\/2024\/01\/choisir-fonds-de-pension.jpg","contentUrl":"https:\/\/www.feodus-finance.fr\/defiscalisation\/wp-content\/uploads\/2024\/01\/choisir-fonds-de-pension.jpg","width":1920,"height":1280},{"@type":"BreadcrumbList","@id":"https:\/\/www.feodus-finance.fr\/defiscalisation\/retraite-caisses-retraite\/#breadcrumb","itemListElement":[{"@type":"ListItem","position":1,"name":"Accueil","item":"https:\/\/www.feodus-finance.fr\/defiscalisation\/"},{"@type":"ListItem","position":2,"name":"Retraite : comment conna\u00eetre ses caisses de retraite ?"}]},{"@type":"WebSite","@id":"https:\/\/www.feodus-finance.fr\/defiscalisation\/#website","url":"https:\/\/www.feodus-finance.fr\/defiscalisation\/","name":"Feodus","description":"","publisher":{"@id":"https:\/\/www.feodus-finance.fr\/defiscalisation\/#organization"},"potentialAction":[{"@type":"SearchAction","target":{"@type":"EntryPoint","urlTemplate":"https:\/\/www.feodus-finance.fr\/defiscalisation\/?s={search_term_string}"},"query-input":{"@type":"PropertyValueSpecification","valueRequired":true,"valueName":"search_term_string"}}],"inLanguage":"fr-FR"},{"@type":"Organization","@id":"https:\/\/www.feodus-finance.fr\/defiscalisation\/#organization","name":"Feodus","url":"https:\/\/www.feodus-finance.fr\/defiscalisation\/","logo":{"@type":"ImageObject","inLanguage":"fr-FR","@id":"https:\/\/www.feodus-finance.fr\/defiscalisation\/#\/schema\/logo\/image\/","url":"https:\/\/www.feodus-finance.fr\/defiscalisation\/wp-content\/uploads\/2023\/11\/cropped-logo-footer.jpg","contentUrl":"https:\/\/www.feodus-finance.fr\/defiscalisation\/wp-content\/uploads\/2023\/11\/cropped-logo-footer.jpg","width":249,"height":73,"caption":"Feodus"},"image":{"@id":"https:\/\/www.feodus-finance.fr\/defiscalisation\/#\/schema\/logo\/image\/"}}]}},"_links":{"self":[{"href":"https:\/\/www.feodus-finance.fr\/defiscalisation\/wp-json\/wp\/v2\/pages\/2942","targetHints":{"allow":["GET"]}}],"collection":[{"href":"https:\/\/www.feodus-finance.fr\/defiscalisation\/wp-json\/wp\/v2\/pages"}],"about":[{"href":"https:\/\/www.feodus-finance.fr\/defiscalisation\/wp-json\/wp\/v2\/types\/page"}],"author":[{"embeddable":true,"href":"https:\/\/www.feodus-finance.fr\/defiscalisation\/wp-json\/wp\/v2\/users\/3"}],"replies":[{"embeddable":true,"href":"https:\/\/www.feodus-finance.fr\/defiscalisation\/wp-json\/wp\/v2\/comments?post=2942"}],"version-history":[{"count":1,"href":"https:\/\/www.feodus-finance.fr\/defiscalisation\/wp-json\/wp\/v2\/pages\/2942\/revisions"}],"predecessor-version":[{"id":2943,"href":"https:\/\/www.feodus-finance.fr\/defiscalisation\/wp-json\/wp\/v2\/pages\/2942\/revisions\/2943"}],"wp:featuredmedia":[{"embeddable":true,"href":"https:\/\/www.feodus-finance.fr\/defiscalisation\/wp-json\/wp\/v2\/media\/2816"}],"wp:attachment":[{"href":"https:\/\/www.feodus-finance.fr\/defiscalisation\/wp-json\/wp\/v2\/media?parent=2942"}],"curies":[{"name":"wp","href":"https:\/\/api.w.org\/{rel}","templated":true}]}}